{"id":3922,"date":"2026-01-30T16:38:51","date_gmt":"2026-01-30T16:38:51","guid":{"rendered":"https:\/\/www.opustents.com\/shop\/opus-t24-slimme-tent-2\/"},"modified":"2026-01-30T16:44:52","modified_gmt":"2026-01-30T16:44:52","slug":"opus-t24-slimme-tent-2","status":"publish","type":"product","link":"https:\/\/www.opustents.com\/nl\/shop\/opus-t24-slimme-tent-2\/","title":{"rendered":"OPUS T24 slimme tent"},"content":{"rendered":"<p>De intelligente OPUS T24 tent.<br \/>\nEen zelfopblazende, intelligente tent met oplaadfunctie en LED-verlichting voor 4 personen<\/p>\n","protected":false},"excerpt":{"rendered":"<p>Onze revolutionaire OPUS\u00ae T24 Smart Tent blaast binnen enkele minuten op met \u00e9\u00e9n druk op de knop.<br \/>\nDe ge\u00efntegreerde, oplaadbare 3000mAh Blow Bank batterijen kunnen worden gebruikt om de LED-verlichting in elke slimme zone van de tent van stroom te voorzien en ook om uw favoriete mobiele apparaten via USB op te laden.<br \/>\nOnze OPUS\u00ae FSG300 stof is meer dan twee keer zo sterk als de gemiddelde tent en luxe functies zoals een verrijdbare zak, slaapbestendige binnententen en footprint zijn standaard. <strong>Dit is de toekomst van kamperen, dit is de OPUS\u00ae Smart Tent.<\/strong><\/p>\n","protected":false},"featured_media":1115,"comment_status":"open","ping_status":"closed","template":"","meta":{"content-type":""},"product_brand":[],"product_cat":[],"product_tag":[],"class_list":{"0":"post-3922","1":"product","2":"type-product","3":"status-publish","4":"has-post-thumbnail","7":"first","8":"instock","9":"taxable","10":"shipping-taxable","11":"product-type-external"},"yoast_head":"<!-- This site is optimized with the Yoast SEO plugin v25.1 - https:\/\/yoast.com\/wordpress\/plugins\/seo\/ -->\n<title>OPUS T24 slimme tent &#8226; OPUS: The smart way to camp<\/title>\n<meta name=\"robots\" content=\"index, follow, max-snippet:-1, max-image-preview:large, max-video-preview:-1\" \/>\n<link rel=\"canonical\" href=\"https:\/\/www.opustents.com\/nl\/shop\/opus-t24-slimme-tent-2\/\" \/>\n<meta property=\"og:locale\" content=\"nl_NL\" \/>\n<meta property=\"og:type\" content=\"article\" \/>\n<meta property=\"og:title\" content=\"OPUS T24 slimme tent &#8226; OPUS: The smart way to camp\" \/>\n<meta property=\"og:description\" content=\"Onze revolutionaire OPUS\u00ae T24 Smart Tent blaast binnen enkele minuten op met \u00e9\u00e9n druk op de knop. De ge\u00efntegreerde, oplaadbare 3000mAh Blow Bank batterijen kunnen worden gebruikt om de LED-verlichting in elke slimme zone van de tent van stroom te voorzien en ook om uw favoriete mobiele apparaten via USB op te laden. Onze OPUS\u00ae FSG300 stof is meer dan twee keer zo sterk als de gemiddelde tent en luxe functies zoals een verrijdbare zak, slaapbestendige binnententen en footprint zijn standaard. Dit is de toekomst van kamperen, dit is de OPUS\u00ae Smart Tent.\" \/>\n<meta property=\"og:url\" content=\"https:\/\/www.opustents.com\/nl\/shop\/opus-t24-slimme-tent-2\/\" \/>\n<meta property=\"og:site_name\" content=\"OPUS: The smart way to camp\" \/>\n<meta property=\"article:modified_time\" content=\"2026-01-30T16:44:52+00:00\" \/>\n<meta property=\"og:image\" content=\"https:\/\/www.opustents.com\/wp-content\/uploads\/2024\/07\/OPT_24_hero_2.jpg\" \/>\n\t<meta property=\"og:image:width\" content=\"2000\" \/>\n\t<meta property=\"og:image:height\" content=\"1333\" \/>\n\t<meta property=\"og:image:type\" content=\"image\/jpeg\" \/>\n<meta name=\"twitter:card\" content=\"summary_large_image\" \/>\n<meta name=\"twitter:label1\" content=\"Geschatte leestijd\" \/>\n\t<meta name=\"twitter:data1\" content=\"1 minuut\" \/>\n<script type=\"application\/ld+json\" class=\"yoast-schema-graph\">{\"@context\":\"https:\/\/schema.org\",\"@graph\":[{\"@type\":\"WebPage\",\"@id\":\"https:\/\/www.opustents.com\/nl\/shop\/opus-t24-slimme-tent-2\/\",\"url\":\"https:\/\/www.opustents.com\/nl\/shop\/opus-t24-slimme-tent-2\/\",\"name\":\"OPUS T24 slimme tent &#8226; OPUS: The smart way to camp\",\"isPartOf\":{\"@id\":\"https:\/\/www.opustents.com\/nl\/#website\"},\"primaryImageOfPage\":{\"@id\":\"https:\/\/www.opustents.com\/nl\/shop\/opus-t24-slimme-tent-2\/#primaryimage\"},\"image\":{\"@id\":\"https:\/\/www.opustents.com\/nl\/shop\/opus-t24-slimme-tent-2\/#primaryimage\"},\"thumbnailUrl\":\"https:\/\/www.opustents.com\/wp-content\/uploads\/2024\/07\/OPT_24_hero_2.jpg\",\"datePublished\":\"2026-01-30T16:38:51+00:00\",\"dateModified\":\"2026-01-30T16:44:52+00:00\",\"breadcrumb\":{\"@id\":\"https:\/\/www.opustents.com\/nl\/shop\/opus-t24-slimme-tent-2\/#breadcrumb\"},\"inLanguage\":\"nl-NL\",\"potentialAction\":[{\"@type\":\"ReadAction\",\"target\":[\"https:\/\/www.opustents.com\/nl\/shop\/opus-t24-slimme-tent-2\/\"]}]},{\"@type\":\"ImageObject\",\"inLanguage\":\"nl-NL\",\"@id\":\"https:\/\/www.opustents.com\/nl\/shop\/opus-t24-slimme-tent-2\/#primaryimage\",\"url\":\"https:\/\/www.opustents.com\/wp-content\/uploads\/2024\/07\/OPT_24_hero_2.jpg\",\"contentUrl\":\"https:\/\/www.opustents.com\/wp-content\/uploads\/2024\/07\/OPT_24_hero_2.jpg\",\"width\":2000,\"height\":1333},{\"@type\":\"BreadcrumbList\",\"@id\":\"https:\/\/www.opustents.com\/nl\/shop\/opus-t24-slimme-tent-2\/#breadcrumb\",\"itemListElement\":[{\"@type\":\"ListItem\",\"position\":1,\"name\":\"Home\",\"item\":\"https:\/\/www.opustents.com\/nl\/home\/\"},{\"@type\":\"ListItem\",\"position\":2,\"name\":\"Winkel\",\"item\":\"https:\/\/www.opustents.com\/shop\/\"},{\"@type\":\"ListItem\",\"position\":3,\"name\":\"OPUS T24 slimme tent\"}]},{\"@type\":\"WebSite\",\"@id\":\"https:\/\/www.opustents.com\/nl\/#website\",\"url\":\"https:\/\/www.opustents.com\/nl\/\",\"name\":\"OPUS smart tents\",\"description\":\"With patented self-inflation technology\",\"publisher\":{\"@id\":\"https:\/\/www.opustents.com\/nl\/#organization\"},\"potentialAction\":[{\"@type\":\"SearchAction\",\"target\":{\"@type\":\"EntryPoint\",\"urlTemplate\":\"https:\/\/www.opustents.com\/nl\/?s={search_term_string}\"},\"query-input\":{\"@type\":\"PropertyValueSpecification\",\"valueRequired\":true,\"valueName\":\"search_term_string\"}}],\"inLanguage\":\"nl-NL\"},{\"@type\":\"Organization\",\"@id\":\"https:\/\/www.opustents.com\/nl\/#organization\",\"name\":\"OPUS smart tents\",\"url\":\"https:\/\/www.opustents.com\/nl\/\",\"logo\":{\"@type\":\"ImageObject\",\"inLanguage\":\"nl-NL\",\"@id\":\"https:\/\/www.opustents.com\/nl\/#\/schema\/logo\/image\/\",\"url\":\"https:\/\/www.opustents.com\/wp-content\/uploads\/2024\/01\/OPUS-smart-tents_OPUS_smart_tent.png\",\"contentUrl\":\"https:\/\/www.opustents.com\/wp-content\/uploads\/2024\/01\/OPUS-smart-tents_OPUS_smart_tent.png\",\"width\":1300,\"height\":499,\"caption\":\"OPUS smart tents\"},\"image\":{\"@id\":\"https:\/\/www.opustents.com\/nl\/#\/schema\/logo\/image\/\"}}]}<\/script>\n<!-- \/ Yoast SEO plugin. -->","yoast_head_json":{"title":"OPUS T24 slimme tent &#8226; OPUS: The smart way to camp","robots":{"index":"index","follow":"follow","max-snippet":"max-snippet:-1","max-image-preview":"max-image-preview:large","max-video-preview":"max-video-preview:-1"},"canonical":"https:\/\/www.opustents.com\/nl\/shop\/opus-t24-slimme-tent-2\/","og_locale":"nl_NL","og_type":"article","og_title":"OPUS T24 slimme tent &#8226; OPUS: The smart way to camp","og_description":"Onze revolutionaire OPUS\u00ae T24 Smart Tent blaast binnen enkele minuten op met \u00e9\u00e9n druk op de knop. De ge\u00efntegreerde, oplaadbare 3000mAh Blow Bank batterijen kunnen worden gebruikt om de LED-verlichting in elke slimme zone van de tent van stroom te voorzien en ook om uw favoriete mobiele apparaten via USB op te laden. Onze OPUS\u00ae FSG300 stof is meer dan twee keer zo sterk als de gemiddelde tent en luxe functies zoals een verrijdbare zak, slaapbestendige binnententen en footprint zijn standaard. Dit is de toekomst van kamperen, dit is de OPUS\u00ae Smart Tent.","og_url":"https:\/\/www.opustents.com\/nl\/shop\/opus-t24-slimme-tent-2\/","og_site_name":"OPUS: The smart way to camp","article_modified_time":"2026-01-30T16:44:52+00:00","og_image":[{"width":2000,"height":1333,"url":"https:\/\/www.opustents.com\/wp-content\/uploads\/2024\/07\/OPT_24_hero_2.jpg","type":"image\/jpeg"}],"twitter_card":"summary_large_image","twitter_misc":{"Geschatte leestijd":"1 minuut"},"schema":{"@context":"https:\/\/schema.org","@graph":[{"@type":"WebPage","@id":"https:\/\/www.opustents.com\/nl\/shop\/opus-t24-slimme-tent-2\/","url":"https:\/\/www.opustents.com\/nl\/shop\/opus-t24-slimme-tent-2\/","name":"OPUS T24 slimme tent &#8226; OPUS: The smart way to camp","isPartOf":{"@id":"https:\/\/www.opustents.com\/nl\/#website"},"primaryImageOfPage":{"@id":"https:\/\/www.opustents.com\/nl\/shop\/opus-t24-slimme-tent-2\/#primaryimage"},"image":{"@id":"https:\/\/www.opustents.com\/nl\/shop\/opus-t24-slimme-tent-2\/#primaryimage"},"thumbnailUrl":"https:\/\/www.opustents.com\/wp-content\/uploads\/2024\/07\/OPT_24_hero_2.jpg","datePublished":"2026-01-30T16:38:51+00:00","dateModified":"2026-01-30T16:44:52+00:00","breadcrumb":{"@id":"https:\/\/www.opustents.com\/nl\/shop\/opus-t24-slimme-tent-2\/#breadcrumb"},"inLanguage":"nl-NL","potentialAction":[{"@type":"ReadAction","target":["https:\/\/www.opustents.com\/nl\/shop\/opus-t24-slimme-tent-2\/"]}]},{"@type":"ImageObject","inLanguage":"nl-NL","@id":"https:\/\/www.opustents.com\/nl\/shop\/opus-t24-slimme-tent-2\/#primaryimage","url":"https:\/\/www.opustents.com\/wp-content\/uploads\/2024\/07\/OPT_24_hero_2.jpg","contentUrl":"https:\/\/www.opustents.com\/wp-content\/uploads\/2024\/07\/OPT_24_hero_2.jpg","width":2000,"height":1333},{"@type":"BreadcrumbList","@id":"https:\/\/www.opustents.com\/nl\/shop\/opus-t24-slimme-tent-2\/#breadcrumb","itemListElement":[{"@type":"ListItem","position":1,"name":"Home","item":"https:\/\/www.opustents.com\/nl\/home\/"},{"@type":"ListItem","position":2,"name":"Winkel","item":"https:\/\/www.opustents.com\/shop\/"},{"@type":"ListItem","position":3,"name":"OPUS T24 slimme tent"}]},{"@type":"WebSite","@id":"https:\/\/www.opustents.com\/nl\/#website","url":"https:\/\/www.opustents.com\/nl\/","name":"OPUS smart tents","description":"With patented self-inflation technology","publisher":{"@id":"https:\/\/www.opustents.com\/nl\/#organization"},"potentialAction":[{"@type":"SearchAction","target":{"@type":"EntryPoint","urlTemplate":"https:\/\/www.opustents.com\/nl\/?s={search_term_string}"},"query-input":{"@type":"PropertyValueSpecification","valueRequired":true,"valueName":"search_term_string"}}],"inLanguage":"nl-NL"},{"@type":"Organization","@id":"https:\/\/www.opustents.com\/nl\/#organization","name":"OPUS smart tents","url":"https:\/\/www.opustents.com\/nl\/","logo":{"@type":"ImageObject","inLanguage":"nl-NL","@id":"https:\/\/www.opustents.com\/nl\/#\/schema\/logo\/image\/","url":"https:\/\/www.opustents.com\/wp-content\/uploads\/2024\/01\/OPUS-smart-tents_OPUS_smart_tent.png","contentUrl":"https:\/\/www.opustents.com\/wp-content\/uploads\/2024\/01\/OPUS-smart-tents_OPUS_smart_tent.png","width":1300,"height":499,"caption":"OPUS smart tents"},"image":{"@id":"https:\/\/www.opustents.com\/nl\/#\/schema\/logo\/image\/"}}]}},"_links":{"self":[{"href":"https:\/\/www.opustents.com\/nl\/wp-json\/wp\/v2\/product\/3922","targetHints":{"allow":["GET"]}}],"collection":[{"href":"https:\/\/www.opustents.com\/nl\/wp-json\/wp\/v2\/product"}],"about":[{"href":"https:\/\/www.opustents.com\/nl\/wp-json\/wp\/v2\/types\/product"}],"replies":[{"embeddable":true,"href":"https:\/\/www.opustents.com\/nl\/wp-json\/wp\/v2\/comments?post=3922"}],"wp:featuredmedia":[{"embeddable":true,"href":"https:\/\/www.opustents.com\/nl\/wp-json\/wp\/v2\/media\/1115"}],"wp:attachment":[{"href":"https:\/\/www.opustents.com\/nl\/wp-json\/wp\/v2\/media?parent=3922"}],"wp:term":[{"taxonomy":"product_brand","embeddable":true,"href":"https:\/\/www.opustents.com\/nl\/wp-json\/wp\/v2\/product_brand?post=3922"},{"taxonomy":"product_cat","embeddable":true,"href":"https:\/\/www.opustents.com\/nl\/wp-json\/wp\/v2\/product_cat?post=3922"},{"taxonomy":"product_tag","embeddable":true,"href":"https:\/\/www.opustents.com\/nl\/wp-json\/wp\/v2\/product_tag?post=3922"}],"curies":[{"name":"wp","href":"https:\/\/api.w.org\/{rel}","templated":true}]}}