{"id":3921,"date":"2026-01-30T16:38:51","date_gmt":"2026-01-30T16:38:51","guid":{"rendered":"https:\/\/www.opustents.com\/?post_type=product&#038;p=3921"},"modified":"2026-03-05T15:32:21","modified_gmt":"2026-03-05T15:32:21","slug":"opus-t24-smart-zelt","status":"publish","type":"product","link":"https:\/\/www.opustents.com\/de\/shop\/opus-t24-smart-zelt\/","title":{"rendered":"OPUS T24 smart Zelt"},"content":{"rendered":"<p>Das intelligente Zelt OPUS T24.<br \/>\nEin selbstaufblasendes, intelligentes Zelt mit Ladefunktion und LED-Beleuchtung f\u00fcr 4 Personen<\/p>\n","protected":false},"excerpt":{"rendered":"<p>Unser revolution\u00e4res OPUS\u00ae T24 Smart Tent bl\u00e4st sich auf Knopfdruck in wenigen Minuten auf.<br \/>\nDie integrierten, wiederaufladbaren 3000mAh Blow Bank Batterien k\u00f6nnen zur Stromversorgung der LED-Leuchten in jeder intelligenten Zone des Zeltes verwendet werden und bieten au\u00dferdem eine USB-Ladefunktion f\u00fcr Ihre Lieblings-Mobilger\u00e4te.<br \/>\nUnser OPUS\u00ae FSG300-Gewebe ist mehr als doppelt so stark wie das eines durchschnittlichen Zelts, und Luxusmerkmale wie eine Tasche auf R\u00e4dern, schlafdichte Innenzelte und ein Fu\u00dfabdruck geh\u00f6ren zur Standardausstattung. <strong>Dies ist die Zukunft des Campings, dies ist das OPUS\u00ae Smart Tent.<\/strong><\/p>\n","protected":false},"featured_media":1116,"comment_status":"open","ping_status":"closed","template":"","meta":{"content-type":""},"product_brand":[],"product_cat":[],"product_tag":[],"class_list":{"0":"post-3921","1":"product","2":"type-product","3":"status-publish","4":"has-post-thumbnail","7":"first","8":"instock","9":"taxable","10":"shipping-taxable","11":"product-type-external"},"yoast_head":"<!-- This site is optimized with the Yoast SEO plugin v25.1 - https:\/\/yoast.com\/wordpress\/plugins\/seo\/ -->\n<title>OPUS T24 smart Zelt &#8226; OPUS: The smart way to camp<\/title>\n<meta name=\"robots\" content=\"index, follow, max-snippet:-1, max-image-preview:large, max-video-preview:-1\" \/>\n<link rel=\"canonical\" href=\"https:\/\/www.opustents.com\/de\/shop\/opus-t24-smart-zelt\/\" \/>\n<meta property=\"og:locale\" content=\"de_DE\" \/>\n<meta property=\"og:type\" content=\"article\" \/>\n<meta property=\"og:title\" content=\"OPUS T24 smart Zelt &#8226; OPUS: The smart way to camp\" \/>\n<meta property=\"og:description\" content=\"Unser revolution\u00e4res OPUS\u00ae T24 Smart Tent bl\u00e4st sich auf Knopfdruck in wenigen Minuten auf. Die integrierten, wiederaufladbaren 3000mAh Blow Bank Batterien k\u00f6nnen zur Stromversorgung der LED-Leuchten in jeder intelligenten Zone des Zeltes verwendet werden und bieten au\u00dferdem eine USB-Ladefunktion f\u00fcr Ihre Lieblings-Mobilger\u00e4te. Unser OPUS\u00ae FSG300-Gewebe ist mehr als doppelt so stark wie das eines durchschnittlichen Zelts, und Luxusmerkmale wie eine Tasche auf R\u00e4dern, schlafdichte Innenzelte und ein Fu\u00dfabdruck geh\u00f6ren zur Standardausstattung. Dies ist die Zukunft des Campings, dies ist das OPUS\u00ae Smart Tent.\" \/>\n<meta property=\"og:url\" content=\"https:\/\/www.opustents.com\/de\/shop\/opus-t24-smart-zelt\/\" \/>\n<meta property=\"og:site_name\" content=\"OPUS: The smart way to camp\" \/>\n<meta property=\"article:modified_time\" content=\"2026-03-05T15:32:21+00:00\" \/>\n<meta property=\"og:image\" content=\"https:\/\/www.opustents.com\/wp-content\/uploads\/2024\/07\/OPT_24_hero_2.jpg\" \/>\n\t<meta property=\"og:image:width\" content=\"2000\" \/>\n\t<meta property=\"og:image:height\" content=\"1333\" \/>\n\t<meta property=\"og:image:type\" content=\"image\/jpeg\" \/>\n<meta name=\"twitter:card\" content=\"summary_large_image\" \/>\n<meta name=\"twitter:label1\" content=\"Gesch\u00e4tzte Lesezeit\" \/>\n\t<meta name=\"twitter:data1\" content=\"1\u00a0Minute\" \/>\n<script type=\"application\/ld+json\" class=\"yoast-schema-graph\">{\"@context\":\"https:\/\/schema.org\",\"@graph\":[{\"@type\":\"WebPage\",\"@id\":\"https:\/\/www.opustents.com\/de\/shop\/opus-t24-smart-zelt\/\",\"url\":\"https:\/\/www.opustents.com\/de\/shop\/opus-t24-smart-zelt\/\",\"name\":\"OPUS T24 smart Zelt &#8226; OPUS: The smart way to camp\",\"isPartOf\":{\"@id\":\"https:\/\/www.opustents.com\/de\/#website\"},\"primaryImageOfPage\":{\"@id\":\"https:\/\/www.opustents.com\/de\/shop\/opus-t24-smart-zelt\/#primaryimage\"},\"image\":{\"@id\":\"https:\/\/www.opustents.com\/de\/shop\/opus-t24-smart-zelt\/#primaryimage\"},\"thumbnailUrl\":\"https:\/\/www.opustents.com\/wp-content\/uploads\/2024\/07\/OPT_24_hero_2.jpg\",\"datePublished\":\"2026-01-30T16:38:51+00:00\",\"dateModified\":\"2026-03-05T15:32:21+00:00\",\"breadcrumb\":{\"@id\":\"https:\/\/www.opustents.com\/de\/shop\/opus-t24-smart-zelt\/#breadcrumb\"},\"inLanguage\":\"de\",\"potentialAction\":[{\"@type\":\"ReadAction\",\"target\":[\"https:\/\/www.opustents.com\/de\/shop\/opus-t24-smart-zelt\/\"]}]},{\"@type\":\"ImageObject\",\"inLanguage\":\"de\",\"@id\":\"https:\/\/www.opustents.com\/de\/shop\/opus-t24-smart-zelt\/#primaryimage\",\"url\":\"https:\/\/www.opustents.com\/wp-content\/uploads\/2024\/07\/OPT_24_hero_2.jpg\",\"contentUrl\":\"https:\/\/www.opustents.com\/wp-content\/uploads\/2024\/07\/OPT_24_hero_2.jpg\",\"width\":2000,\"height\":1333},{\"@type\":\"BreadcrumbList\",\"@id\":\"https:\/\/www.opustents.com\/de\/shop\/opus-t24-smart-zelt\/#breadcrumb\",\"itemListElement\":[{\"@type\":\"ListItem\",\"position\":1,\"name\":\"Home\",\"item\":\"https:\/\/www.opustents.com\/de\/startseite\/\"},{\"@type\":\"ListItem\",\"position\":2,\"name\":\"Shop\",\"item\":\"https:\/\/www.opustents.com\/shop\/\"},{\"@type\":\"ListItem\",\"position\":3,\"name\":\"OPUS T24 smart Zelt\"}]},{\"@type\":\"WebSite\",\"@id\":\"https:\/\/www.opustents.com\/de\/#website\",\"url\":\"https:\/\/www.opustents.com\/de\/\",\"name\":\"OPUS smart tents\",\"description\":\"With patented self-inflation technology\",\"publisher\":{\"@id\":\"https:\/\/www.opustents.com\/de\/#organization\"},\"potentialAction\":[{\"@type\":\"SearchAction\",\"target\":{\"@type\":\"EntryPoint\",\"urlTemplate\":\"https:\/\/www.opustents.com\/de\/?s={search_term_string}\"},\"query-input\":{\"@type\":\"PropertyValueSpecification\",\"valueRequired\":true,\"valueName\":\"search_term_string\"}}],\"inLanguage\":\"de\"},{\"@type\":\"Organization\",\"@id\":\"https:\/\/www.opustents.com\/de\/#organization\",\"name\":\"OPUS smart tents\",\"url\":\"https:\/\/www.opustents.com\/de\/\",\"logo\":{\"@type\":\"ImageObject\",\"inLanguage\":\"de\",\"@id\":\"https:\/\/www.opustents.com\/de\/#\/schema\/logo\/image\/\",\"url\":\"https:\/\/www.opustents.com\/wp-content\/uploads\/2024\/01\/OPUS-smart-tents_OPUS_smart_tent.png\",\"contentUrl\":\"https:\/\/www.opustents.com\/wp-content\/uploads\/2024\/01\/OPUS-smart-tents_OPUS_smart_tent.png\",\"width\":1300,\"height\":499,\"caption\":\"OPUS smart tents\"},\"image\":{\"@id\":\"https:\/\/www.opustents.com\/de\/#\/schema\/logo\/image\/\"}}]}<\/script>\n<!-- \/ Yoast SEO plugin. -->","yoast_head_json":{"title":"OPUS T24 smart Zelt &#8226; OPUS: The smart way to camp","robots":{"index":"index","follow":"follow","max-snippet":"max-snippet:-1","max-image-preview":"max-image-preview:large","max-video-preview":"max-video-preview:-1"},"canonical":"https:\/\/www.opustents.com\/de\/shop\/opus-t24-smart-zelt\/","og_locale":"de_DE","og_type":"article","og_title":"OPUS T24 smart Zelt &#8226; OPUS: The smart way to camp","og_description":"Unser revolution\u00e4res OPUS\u00ae T24 Smart Tent bl\u00e4st sich auf Knopfdruck in wenigen Minuten auf. Die integrierten, wiederaufladbaren 3000mAh Blow Bank Batterien k\u00f6nnen zur Stromversorgung der LED-Leuchten in jeder intelligenten Zone des Zeltes verwendet werden und bieten au\u00dferdem eine USB-Ladefunktion f\u00fcr Ihre Lieblings-Mobilger\u00e4te. Unser OPUS\u00ae FSG300-Gewebe ist mehr als doppelt so stark wie das eines durchschnittlichen Zelts, und Luxusmerkmale wie eine Tasche auf R\u00e4dern, schlafdichte Innenzelte und ein Fu\u00dfabdruck geh\u00f6ren zur Standardausstattung. Dies ist die Zukunft des Campings, dies ist das OPUS\u00ae Smart Tent.","og_url":"https:\/\/www.opustents.com\/de\/shop\/opus-t24-smart-zelt\/","og_site_name":"OPUS: The smart way to camp","article_modified_time":"2026-03-05T15:32:21+00:00","og_image":[{"width":2000,"height":1333,"url":"https:\/\/www.opustents.com\/wp-content\/uploads\/2024\/07\/OPT_24_hero_2.jpg","type":"image\/jpeg"}],"twitter_card":"summary_large_image","twitter_misc":{"Gesch\u00e4tzte Lesezeit":"1\u00a0Minute"},"schema":{"@context":"https:\/\/schema.org","@graph":[{"@type":"WebPage","@id":"https:\/\/www.opustents.com\/de\/shop\/opus-t24-smart-zelt\/","url":"https:\/\/www.opustents.com\/de\/shop\/opus-t24-smart-zelt\/","name":"OPUS T24 smart Zelt &#8226; OPUS: The smart way to camp","isPartOf":{"@id":"https:\/\/www.opustents.com\/de\/#website"},"primaryImageOfPage":{"@id":"https:\/\/www.opustents.com\/de\/shop\/opus-t24-smart-zelt\/#primaryimage"},"image":{"@id":"https:\/\/www.opustents.com\/de\/shop\/opus-t24-smart-zelt\/#primaryimage"},"thumbnailUrl":"https:\/\/www.opustents.com\/wp-content\/uploads\/2024\/07\/OPT_24_hero_2.jpg","datePublished":"2026-01-30T16:38:51+00:00","dateModified":"2026-03-05T15:32:21+00:00","breadcrumb":{"@id":"https:\/\/www.opustents.com\/de\/shop\/opus-t24-smart-zelt\/#breadcrumb"},"inLanguage":"de","potentialAction":[{"@type":"ReadAction","target":["https:\/\/www.opustents.com\/de\/shop\/opus-t24-smart-zelt\/"]}]},{"@type":"ImageObject","inLanguage":"de","@id":"https:\/\/www.opustents.com\/de\/shop\/opus-t24-smart-zelt\/#primaryimage","url":"https:\/\/www.opustents.com\/wp-content\/uploads\/2024\/07\/OPT_24_hero_2.jpg","contentUrl":"https:\/\/www.opustents.com\/wp-content\/uploads\/2024\/07\/OPT_24_hero_2.jpg","width":2000,"height":1333},{"@type":"BreadcrumbList","@id":"https:\/\/www.opustents.com\/de\/shop\/opus-t24-smart-zelt\/#breadcrumb","itemListElement":[{"@type":"ListItem","position":1,"name":"Home","item":"https:\/\/www.opustents.com\/de\/startseite\/"},{"@type":"ListItem","position":2,"name":"Shop","item":"https:\/\/www.opustents.com\/shop\/"},{"@type":"ListItem","position":3,"name":"OPUS T24 smart Zelt"}]},{"@type":"WebSite","@id":"https:\/\/www.opustents.com\/de\/#website","url":"https:\/\/www.opustents.com\/de\/","name":"OPUS smart tents","description":"With patented self-inflation technology","publisher":{"@id":"https:\/\/www.opustents.com\/de\/#organization"},"potentialAction":[{"@type":"SearchAction","target":{"@type":"EntryPoint","urlTemplate":"https:\/\/www.opustents.com\/de\/?s={search_term_string}"},"query-input":{"@type":"PropertyValueSpecification","valueRequired":true,"valueName":"search_term_string"}}],"inLanguage":"de"},{"@type":"Organization","@id":"https:\/\/www.opustents.com\/de\/#organization","name":"OPUS smart tents","url":"https:\/\/www.opustents.com\/de\/","logo":{"@type":"ImageObject","inLanguage":"de","@id":"https:\/\/www.opustents.com\/de\/#\/schema\/logo\/image\/","url":"https:\/\/www.opustents.com\/wp-content\/uploads\/2024\/01\/OPUS-smart-tents_OPUS_smart_tent.png","contentUrl":"https:\/\/www.opustents.com\/wp-content\/uploads\/2024\/01\/OPUS-smart-tents_OPUS_smart_tent.png","width":1300,"height":499,"caption":"OPUS smart tents"},"image":{"@id":"https:\/\/www.opustents.com\/de\/#\/schema\/logo\/image\/"}}]}},"_links":{"self":[{"href":"https:\/\/www.opustents.com\/de\/wp-json\/wp\/v2\/product\/3921","targetHints":{"allow":["GET"]}}],"collection":[{"href":"https:\/\/www.opustents.com\/de\/wp-json\/wp\/v2\/product"}],"about":[{"href":"https:\/\/www.opustents.com\/de\/wp-json\/wp\/v2\/types\/product"}],"replies":[{"embeddable":true,"href":"https:\/\/www.opustents.com\/de\/wp-json\/wp\/v2\/comments?post=3921"}],"wp:featuredmedia":[{"embeddable":true,"href":"https:\/\/www.opustents.com\/de\/wp-json\/wp\/v2\/media\/1116"}],"wp:attachment":[{"href":"https:\/\/www.opustents.com\/de\/wp-json\/wp\/v2\/media?parent=3921"}],"wp:term":[{"taxonomy":"product_brand","embeddable":true,"href":"https:\/\/www.opustents.com\/de\/wp-json\/wp\/v2\/product_brand?post=3921"},{"taxonomy":"product_cat","embeddable":true,"href":"https:\/\/www.opustents.com\/de\/wp-json\/wp\/v2\/product_cat?post=3921"},{"taxonomy":"product_tag","embeddable":true,"href":"https:\/\/www.opustents.com\/de\/wp-json\/wp\/v2\/product_tag?post=3921"}],"curies":[{"name":"wp","href":"https:\/\/api.w.org\/{rel}","templated":true}]}}