{"id":1202,"date":"2024-07-01T14:07:57","date_gmt":"2024-07-01T14:07:57","guid":{"rendered":"https:\/\/www.opustents.com\/shop\/handpumpe\/"},"modified":"2024-09-18T15:32:56","modified_gmt":"2024-09-18T15:32:56","slug":"handpumpe","status":"publish","type":"product","link":"https:\/\/www.opustents.com\/de\/shop\/handpumpe\/","title":{"rendered":"Handpumpe"},"content":{"rendered":"<p>Die intelligenten Zelte von OPUS sind mit Blowbank-Batterien ausgestattet, mit denen Sie Ihr Zelt mehrmals aufblasen k\u00f6nnen. Sollten Sie jedoch einmal einen Engpass haben, k\u00f6nnen Sie beruhigt sein, denn Sie haben einen Notfallplan.  <\/p>\n<div style=\"padding: 56.25% 0 0 0; position: relative;\"><\/div>\n<p><a href=\"https:\/\/www.opustents.com\/stockists\/\">Kaufen Sie bei Ihrem n\u00e4chstgelegenen H\u00e4ndler  <\/a><\/p>\n","protected":false},"excerpt":{"rendered":"<p>Die intelligenten Zelte von OPUS sind mit Blowbank-Batterien ausgestattet, mit denen Sie Ihr Zelt mehrmals aufblasen k\u00f6nnen. Sollten Sie jedoch einmal einen Engpass haben, k\u00f6nnen Sie beruhigt sein, denn Sie haben einen Notfallplan. Kaufen Sie bei Ihrem n\u00e4chstgelegenen H\u00e4ndler<\/p>\n","protected":false},"featured_media":1006,"comment_status":"open","ping_status":"closed","template":"","meta":{"content-type":""},"product_brand":[],"product_cat":[51,48,50],"product_tag":[],"class_list":{"0":"post-1202","1":"product","2":"type-product","3":"status-publish","4":"has-post-thumbnail","6":"product_cat-smartes-zelt-zubehor","7":"product_cat-t24-zubehor","8":"product_cat-t46-zubehor","9":"product_shipping_class-grose-artikel","11":"first","12":"instock","13":"taxable","14":"shipping-taxable","15":"product-type-external"},"yoast_head":"<!-- This site is optimized with the Yoast SEO plugin v25.1 - https:\/\/yoast.com\/wordpress\/plugins\/seo\/ -->\n<title>Handpumpe &#8226; OPUS: The smart way to camp<\/title>\n<meta name=\"description\" content=\"OPUS Handpumpe - ein allgegenw\u00e4rtiger Gegenstand in der Welt des Campings, der dank unserer selbstaufblasenden Zelte nur noch als Reserve ben\u00f6tigt wird\" \/>\n<meta name=\"robots\" content=\"index, follow, max-snippet:-1, max-image-preview:large, max-video-preview:-1\" \/>\n<link rel=\"canonical\" href=\"https:\/\/www.opustents.com\/de\/shop\/handpumpe\/\" \/>\n<meta property=\"og:locale\" content=\"de_DE\" \/>\n<meta property=\"og:type\" content=\"article\" \/>\n<meta property=\"og:title\" content=\"Handpumpe &#8226; OPUS: The smart way to camp\" \/>\n<meta property=\"og:description\" content=\"OPUS Handpumpe - ein allgegenw\u00e4rtiger Gegenstand in der Welt des Campings, der dank unserer selbstaufblasenden Zelte nur noch als Reserve ben\u00f6tigt wird\" \/>\n<meta property=\"og:url\" content=\"https:\/\/www.opustents.com\/de\/shop\/handpumpe\/\" \/>\n<meta property=\"og:site_name\" content=\"OPUS: The smart way to camp\" \/>\n<meta property=\"article:modified_time\" content=\"2024-09-18T15:32:56+00:00\" \/>\n<meta property=\"og:image\" content=\"https:\/\/www.opustents.com\/wp-content\/uploads\/2024\/07\/Hand-Pump.jpg\" \/>\n\t<meta property=\"og:image:width\" content=\"350\" \/>\n\t<meta property=\"og:image:height\" content=\"350\" \/>\n\t<meta property=\"og:image:type\" content=\"image\/jpeg\" \/>\n<meta name=\"twitter:card\" content=\"summary_large_image\" \/>\n<script type=\"application\/ld+json\" class=\"yoast-schema-graph\">{\"@context\":\"https:\/\/schema.org\",\"@graph\":[{\"@type\":\"WebPage\",\"@id\":\"https:\/\/www.opustents.com\/de\/shop\/handpumpe\/\",\"url\":\"https:\/\/www.opustents.com\/de\/shop\/handpumpe\/\",\"name\":\"Handpumpe &#8226; OPUS: The smart way to camp\",\"isPartOf\":{\"@id\":\"https:\/\/www.opustents.com\/de\/#website\"},\"primaryImageOfPage\":{\"@id\":\"https:\/\/www.opustents.com\/de\/shop\/handpumpe\/#primaryimage\"},\"image\":{\"@id\":\"https:\/\/www.opustents.com\/de\/shop\/handpumpe\/#primaryimage\"},\"thumbnailUrl\":\"https:\/\/www.opustents.com\/wp-content\/uploads\/2024\/07\/Hand-Pump.jpg\",\"datePublished\":\"2024-07-01T14:07:57+00:00\",\"dateModified\":\"2024-09-18T15:32:56+00:00\",\"description\":\"OPUS Handpumpe - ein allgegenw\u00e4rtiger Gegenstand in der Welt des Campings, der dank unserer selbstaufblasenden Zelte nur noch als Reserve ben\u00f6tigt wird\",\"breadcrumb\":{\"@id\":\"https:\/\/www.opustents.com\/de\/shop\/handpumpe\/#breadcrumb\"},\"inLanguage\":\"de\",\"potentialAction\":[{\"@type\":\"ReadAction\",\"target\":[\"https:\/\/www.opustents.com\/de\/shop\/handpumpe\/\"]}]},{\"@type\":\"ImageObject\",\"inLanguage\":\"de\",\"@id\":\"https:\/\/www.opustents.com\/de\/shop\/handpumpe\/#primaryimage\",\"url\":\"https:\/\/www.opustents.com\/wp-content\/uploads\/2024\/07\/Hand-Pump.jpg\",\"contentUrl\":\"https:\/\/www.opustents.com\/wp-content\/uploads\/2024\/07\/Hand-Pump.jpg\",\"width\":350,\"height\":350},{\"@type\":\"BreadcrumbList\",\"@id\":\"https:\/\/www.opustents.com\/de\/shop\/handpumpe\/#breadcrumb\",\"itemListElement\":[{\"@type\":\"ListItem\",\"position\":1,\"name\":\"Home\",\"item\":\"https:\/\/www.opustents.com\/de\/startseite\/\"},{\"@type\":\"ListItem\",\"position\":2,\"name\":\"Shop\",\"item\":\"https:\/\/www.opustents.com\/shop\/\"},{\"@type\":\"ListItem\",\"position\":3,\"name\":\"Handpumpe\"}]},{\"@type\":\"WebSite\",\"@id\":\"https:\/\/www.opustents.com\/de\/#website\",\"url\":\"https:\/\/www.opustents.com\/de\/\",\"name\":\"OPUS smart tents\",\"description\":\"With patented self-inflation technology\",\"publisher\":{\"@id\":\"https:\/\/www.opustents.com\/de\/#organization\"},\"potentialAction\":[{\"@type\":\"SearchAction\",\"target\":{\"@type\":\"EntryPoint\",\"urlTemplate\":\"https:\/\/www.opustents.com\/de\/?s={search_term_string}\"},\"query-input\":{\"@type\":\"PropertyValueSpecification\",\"valueRequired\":true,\"valueName\":\"search_term_string\"}}],\"inLanguage\":\"de\"},{\"@type\":\"Organization\",\"@id\":\"https:\/\/www.opustents.com\/de\/#organization\",\"name\":\"OPUS smart tents\",\"url\":\"https:\/\/www.opustents.com\/de\/\",\"logo\":{\"@type\":\"ImageObject\",\"inLanguage\":\"de\",\"@id\":\"https:\/\/www.opustents.com\/de\/#\/schema\/logo\/image\/\",\"url\":\"https:\/\/www.opustents.com\/wp-content\/uploads\/2024\/01\/OPUS-smart-tents_OPUS_smart_tent.png\",\"contentUrl\":\"https:\/\/www.opustents.com\/wp-content\/uploads\/2024\/01\/OPUS-smart-tents_OPUS_smart_tent.png\",\"width\":1300,\"height\":499,\"caption\":\"OPUS smart tents\"},\"image\":{\"@id\":\"https:\/\/www.opustents.com\/de\/#\/schema\/logo\/image\/\"}}]}<\/script>\n<!-- \/ Yoast SEO plugin. -->","yoast_head_json":{"title":"Handpumpe &#8226; OPUS: The smart way to camp","description":"OPUS Handpumpe - ein allgegenw\u00e4rtiger Gegenstand in der Welt des Campings, der dank unserer selbstaufblasenden Zelte nur noch als Reserve ben\u00f6tigt wird","robots":{"index":"index","follow":"follow","max-snippet":"max-snippet:-1","max-image-preview":"max-image-preview:large","max-video-preview":"max-video-preview:-1"},"canonical":"https:\/\/www.opustents.com\/de\/shop\/handpumpe\/","og_locale":"de_DE","og_type":"article","og_title":"Handpumpe &#8226; OPUS: The smart way to camp","og_description":"OPUS Handpumpe - ein allgegenw\u00e4rtiger Gegenstand in der Welt des Campings, der dank unserer selbstaufblasenden Zelte nur noch als Reserve ben\u00f6tigt wird","og_url":"https:\/\/www.opustents.com\/de\/shop\/handpumpe\/","og_site_name":"OPUS: The smart way to camp","article_modified_time":"2024-09-18T15:32:56+00:00","og_image":[{"width":350,"height":350,"url":"https:\/\/www.opustents.com\/wp-content\/uploads\/2024\/07\/Hand-Pump.jpg","type":"image\/jpeg"}],"twitter_card":"summary_large_image","schema":{"@context":"https:\/\/schema.org","@graph":[{"@type":"WebPage","@id":"https:\/\/www.opustents.com\/de\/shop\/handpumpe\/","url":"https:\/\/www.opustents.com\/de\/shop\/handpumpe\/","name":"Handpumpe &#8226; OPUS: The smart way to camp","isPartOf":{"@id":"https:\/\/www.opustents.com\/de\/#website"},"primaryImageOfPage":{"@id":"https:\/\/www.opustents.com\/de\/shop\/handpumpe\/#primaryimage"},"image":{"@id":"https:\/\/www.opustents.com\/de\/shop\/handpumpe\/#primaryimage"},"thumbnailUrl":"https:\/\/www.opustents.com\/wp-content\/uploads\/2024\/07\/Hand-Pump.jpg","datePublished":"2024-07-01T14:07:57+00:00","dateModified":"2024-09-18T15:32:56+00:00","description":"OPUS Handpumpe - ein allgegenw\u00e4rtiger Gegenstand in der Welt des Campings, der dank unserer selbstaufblasenden Zelte nur noch als Reserve ben\u00f6tigt wird","breadcrumb":{"@id":"https:\/\/www.opustents.com\/de\/shop\/handpumpe\/#breadcrumb"},"inLanguage":"de","potentialAction":[{"@type":"ReadAction","target":["https:\/\/www.opustents.com\/de\/shop\/handpumpe\/"]}]},{"@type":"ImageObject","inLanguage":"de","@id":"https:\/\/www.opustents.com\/de\/shop\/handpumpe\/#primaryimage","url":"https:\/\/www.opustents.com\/wp-content\/uploads\/2024\/07\/Hand-Pump.jpg","contentUrl":"https:\/\/www.opustents.com\/wp-content\/uploads\/2024\/07\/Hand-Pump.jpg","width":350,"height":350},{"@type":"BreadcrumbList","@id":"https:\/\/www.opustents.com\/de\/shop\/handpumpe\/#breadcrumb","itemListElement":[{"@type":"ListItem","position":1,"name":"Home","item":"https:\/\/www.opustents.com\/de\/startseite\/"},{"@type":"ListItem","position":2,"name":"Shop","item":"https:\/\/www.opustents.com\/shop\/"},{"@type":"ListItem","position":3,"name":"Handpumpe"}]},{"@type":"WebSite","@id":"https:\/\/www.opustents.com\/de\/#website","url":"https:\/\/www.opustents.com\/de\/","name":"OPUS smart tents","description":"With patented self-inflation technology","publisher":{"@id":"https:\/\/www.opustents.com\/de\/#organization"},"potentialAction":[{"@type":"SearchAction","target":{"@type":"EntryPoint","urlTemplate":"https:\/\/www.opustents.com\/de\/?s={search_term_string}"},"query-input":{"@type":"PropertyValueSpecification","valueRequired":true,"valueName":"search_term_string"}}],"inLanguage":"de"},{"@type":"Organization","@id":"https:\/\/www.opustents.com\/de\/#organization","name":"OPUS smart tents","url":"https:\/\/www.opustents.com\/de\/","logo":{"@type":"ImageObject","inLanguage":"de","@id":"https:\/\/www.opustents.com\/de\/#\/schema\/logo\/image\/","url":"https:\/\/www.opustents.com\/wp-content\/uploads\/2024\/01\/OPUS-smart-tents_OPUS_smart_tent.png","contentUrl":"https:\/\/www.opustents.com\/wp-content\/uploads\/2024\/01\/OPUS-smart-tents_OPUS_smart_tent.png","width":1300,"height":499,"caption":"OPUS smart tents"},"image":{"@id":"https:\/\/www.opustents.com\/de\/#\/schema\/logo\/image\/"}}]}},"_links":{"self":[{"href":"https:\/\/www.opustents.com\/de\/wp-json\/wp\/v2\/product\/1202","targetHints":{"allow":["GET"]}}],"collection":[{"href":"https:\/\/www.opustents.com\/de\/wp-json\/wp\/v2\/product"}],"about":[{"href":"https:\/\/www.opustents.com\/de\/wp-json\/wp\/v2\/types\/product"}],"replies":[{"embeddable":true,"href":"https:\/\/www.opustents.com\/de\/wp-json\/wp\/v2\/comments?post=1202"}],"wp:featuredmedia":[{"embeddable":true,"href":"https:\/\/www.opustents.com\/de\/wp-json\/wp\/v2\/media\/1006"}],"wp:attachment":[{"href":"https:\/\/www.opustents.com\/de\/wp-json\/wp\/v2\/media?parent=1202"}],"wp:term":[{"taxonomy":"product_brand","embeddable":true,"href":"https:\/\/www.opustents.com\/de\/wp-json\/wp\/v2\/product_brand?post=1202"},{"taxonomy":"product_cat","embeddable":true,"href":"https:\/\/www.opustents.com\/de\/wp-json\/wp\/v2\/product_cat?post=1202"},{"taxonomy":"product_tag","embeddable":true,"href":"https:\/\/www.opustents.com\/de\/wp-json\/wp\/v2\/product_tag?post=1202"}],"curies":[{"name":"wp","href":"https:\/\/api.w.org\/{rel}","templated":true}]}}