{"id":1256,"date":"2024-07-02T10:08:34","date_gmt":"2024-07-02T10:08:34","guid":{"rendered":"https:\/\/www.opustents.com\/lagerhalter\/"},"modified":"2025-02-27T09:50:27","modified_gmt":"2025-02-27T09:50:27","slug":"lagerhalter","status":"publish","type":"page","link":"https:\/\/www.opustents.com\/de\/lagerhalter\/","title":{"rendered":"Lagerhalter"},"content":{"rendered":"<section class=\"wpb-content-wrapper\"><p>[vc_row height_ratio=&#8220;70&#8243; padding_top_multiplier=&#8220;3x&#8220; padding_bottom_multiplier=&#8220;3x&#8220; rc_heading_color=&#8220;light&#8220; rc_bg_type=&#8220;image&#8220; rc_bg_image=&#8220;421&#8243; rc_bg_color_overlay=&#8220;gradient&#8220; rc_bg_gradient_overlay_custom_1=&#8220;rgba(237,107,6,0.91)&#8220; rc_bg_gradient_overlay_custom_2=&#8220;rgba(255,255,255,0.01)&#8220; rc_bg_gradient_overlay_direction=&#8220;180&#8243; mobile_height_ratio=&#8220;80&#8243; separator_bottom=&#8220;torn-paper-separator&#8220; separator_bottom_size=&#8220;30px&#8220; section_id=&#8220;header&#8220;][vc_column vertical_content_position=&#8220;middle&#8220; rc_heading_color=&#8220;light&#8220; column_effect=&#8220;vertical-parallax&#8220; column_effect_invert=&#8220;true&#8220;]<h1 class=\"eut-element eut-title eut-align-center eut-h2\" style=\"\"><span>Finden Sie einen OPUS smart tent Fachh\u00e4ndler<\/span><\/h1>[\/vc_column][\/vc_row][vc_row padding_top_multiplier=&#8220;3x&#8220; padding_bottom_multiplier=&#8220;&#8220; rc_bg_type=&#8220;color&#8220; desktop_visibility=&#8220;hide&#8220; tablet_visibility=&#8220;hide&#8220; tablet_sm_visibility=&#8220;hide&#8220; mobile_visibility=&#8220;hide&#8220; separator_top_size=&#8220;150px&#8220; separator_bottom_size=&#8220;30px&#8220; separator_bottom_color=&#8220;#ed6b06&#8243; rc_bg_color=&#8220;#ffffff&#8220; section_id=&#8220;stockist&#8220; scroll_section_title=&#8220;ABOUT&#8220;][vc_column vertical_content_position=&#8220;middle&#8220; rc_heading_color=&#8220;light&#8220; rc_bg_type=&#8220;color&#8220; rc_add_shadow=&#8220;medium-shadow&#8220; clipping_animation=&#8220;colored-clipping-up&#8220; clipping_animation_colors=&#8220;primary-2&#8243; rc_bg_color=&#8220;#ed6b06&#8243; css=&#8220;.vc_custom_1735911213680{padding-top: 5% !important;padding-right: 5% !important;padding-bottom: 5% !important;padding-left: 5% !important;border-radius: 30px !important;}&#8220; rc_font_color=&#8220;#ffffff&#8220;][vc_single_image image=&#8220;1981&#8243; img_size=&#8220;&#8220; alignment=&#8220;center&#8220;][vc_empty_space height=&#8220;10&#8243;]<h2 class=\"eut-element eut-title eut-align-center eut-leader-text\" style=\"\"><span><strong>Wir werden auf der Caravan, Camping and Motorhome Show im NEC zwischen dem 18. und 23. Februar an Stand 4260 zu finden sein. Kommen Sie vorbei und entdecken Sie unser Angebot an selbstaufblasenden Smart Tents! <\/strong><\/span><\/h2>[\/vc_column][\/vc_row][vc_row padding_top_multiplier=&#8220;3x&#8220; padding_bottom_multiplier=&#8220;6x&#8220; rc_bg_type=&#8220;color&#8220; separator_top_size=&#8220;150px&#8220; separator_bottom_size=&#8220;30px&#8220; separator_bottom_color=&#8220;#ed6b06&#8243; rc_bg_color=&#8220;#ffffff&#8220; section_id=&#8220;stockist&#8220; scroll_section_title=&#8220;ABOUT&#8220;][vc_column vertical_content_position=&#8220;middle&#8220; rc_bg_type=&#8220;color&#8220; expand_column_bg=&#8220;expand-bg-left&#8220; rc_bg_color=&#8220;#ffffff&#8220; css=&#8220;.vc_custom_1706699158649{padding-right: 5% !important;padding-left: 5% !important;}&#8220;]<h2 class=\"eut-element eut-title eut-align-center eut-h3\" style=\"\"><span>Sehen Sie sich unsere intelligenten Zelte auf der Leinwand an!<\/span><\/h2><div class=\"eut-element eut-title eut-align-center eut-h5\" style=\"\"><span>Sie k\u00f6nnen unsere Zelte landesweit kaufen.<br \/>\nFinden Sie unten den n\u00e4chstgelegenen Fachh\u00e4ndler<\/span><\/div>[vc_empty_space height=&#8220;5%&#8220;][vc_raw_html]W1NMUExVU10=[\/vc_raw_html][\/vc_column][\/vc_row][vc_row padding_top_multiplier=&#8220;5x&#8220; padding_bottom_multiplier=&#8220;5x&#8220; rc_heading_color=&#8220;light&#8220; rc_bg_type=&#8220;image&#8220; rc_bg_image=&#8220;451&#8243; separator_top=&#8220;torn-paper-separator&#8220; separator_top_size=&#8220;30px&#8220; separator_bottom=&#8220;torn-paper-separator&#8220; separator_bottom_size=&#8220;60px&#8220; separator_bottom_color=&#8220;#ed6b06&#8243; rc_bg_color=&#8220;#ffffff&#8220; section_id=&#8220;cta&#8220; scroll_section_title=&#8220;WHERE TO BUY&#8220; rc_font_color=&#8220;#ffffff&#8220;][vc_column width=&#8220;1\/4&#8243; vertical_content_position=&#8220;middle&#8220; text_align=&#8220;center&#8220; rc_add_shadow=&#8220;medium-shadow&#8220; css=&#8220;.vc_custom_1719928090875{border-radius: 35px !important;}&#8220;][\/vc_column][vc_column width=&#8220;1\/2&#8243; rc_heading_color=&#8220;light&#8220; rc_bg_type=&#8220;color&#8220; css=&#8220;.vc_custom_1719939433719{padding-top: 10% !important;padding-right: 10% !important;padding-bottom: 10% !important;padding-left: 10% !important;border-radius: 35px !important;}&#8220; rc_font_color=&#8220;#ffffff&#8220; rc_bg_color=&#8220;#ffffff&#8220;]<div class=\"eut-element eut-title eut-align-center eut-h2\" style=\"\"><span>Sie k\u00f6nnen nicht finden, was Sie suchen?<\/span><\/div>[vc_empty_space]<div class=\"eut-element eut-align-center eut-animated-item eut-fade-in-up eut-duration-normal\" data-delay=\"200\"><a href=\"https:\/\/www.opustents.com\/de\/kontakt\/\" title=\"Kontakt zu opus zelte\" class=\"eut-btn eut-btn-large eut-round eut-bg-primary-1 eut-bg-hover-primary-1 eut-btn-line\"><span>Kontaktieren Sie uns<\/span><span class=\"screen-reader-text\">contact us<\/span><\/a><\/div>[\/vc_column][vc_column width=&#8220;1\/4&#8243;][\/vc_column][\/vc_row]<\/p>\n<\/section>","protected":false},"excerpt":{"rendered":"<p>[vc_row height_ratio=&#8220;70&#8243; padding_top_multiplier=&#8220;3x&#8220; padding_bottom_multiplier=&#8220;3x&#8220; rc_heading_color=&#8220;light&#8220; rc_bg_type=&#8220;image&#8220; rc_bg_image=&#8220;421&#8243; rc_bg_color_overlay=&#8220;gradient&#8220; rc_bg_gradient_overlay_custom_1=&#8220;rgba(237,107,6,0.91)&#8220; rc_bg_gradient_overlay_custom_2=&#8220;rgba(255,255,255,0.01)&#8220; rc_bg_gradient_overlay_direction=&#8220;180&#8243; mobile_height_ratio=&#8220;80&#8243; separator_bottom=&#8220;torn-paper-separator&#8220; separator_bottom_size=&#8220;30px&#8220; section_id=&#8220;header&#8220;][vc_column vertical_content_position=&#8220;middle&#8220; rc_heading_color=&#8220;light&#8220; column_effect=&#8220;vertical-parallax&#8220; column_effect_invert=&#8220;true&#8220;][\/vc_column][\/vc_row][vc_row padding_top_multiplier=&#8220;3x&#8220; padding_bottom_multiplier=&#8220;&#8220; rc_bg_type=&#8220;color&#8220; desktop_visibility=&#8220;hide&#8220; tablet_visibility=&#8220;hide&#8220; tablet_sm_visibility=&#8220;hide&#8220; mobile_visibility=&#8220;hide&#8220; separator_top_size=&#8220;150px&#8220; separator_bottom_size=&#8220;30px&#8220; separator_bottom_color=&#8220;#ed6b06&#8243; rc_bg_color=&#8220;#ffffff&#8220; section_id=&#8220;stockist&#8220; scroll_section_title=&#8220;ABOUT&#8220;][vc_column vertical_content_position=&#8220;middle&#8220; rc_heading_color=&#8220;light&#8220; rc_bg_type=&#8220;color&#8220; rc_add_shadow=&#8220;medium-shadow&#8220; clipping_animation=&#8220;colored-clipping-up&#8220; clipping_animation_colors=&#8220;primary-2&#8243; rc_bg_color=&#8220;#ed6b06&#8243; css=&#8220;.vc_custom_1735911213680{padding-top: 5% !important;padding-right: 5% !important;padding-bottom: 5% !important;padding-left: 5% !important;border-radius: 30px !important;}&#8220; rc_font_color=&#8220;#ffffff&#8220;][vc_single_image image=&#8220;1981&#8243; img_size=&#8220;&#8220; alignment=&#8220;center&#8220;][vc_empty_space height=&#8220;10&#8243;][\/vc_column][\/vc_row][vc_row [&hellip;]<\/p>\n","protected":false},"author":1,"featured_media":1016,"parent":0,"menu_order":0,"comment_status":"closed","ping_status":"closed","template":"","meta":{"content-type":"","footnotes":""},"class_list":["post-1256","page","type-page","status-publish","has-post-thumbnail","hentry"],"yoast_head":"<!-- This site is optimized with the Yoast SEO plugin v25.1 - https:\/\/yoast.com\/wordpress\/plugins\/seo\/ -->\n<title>Wo kann ich ein OPUS smart Zelt kaufen? Finden Sie hier einen Fachh\u00e4ndler<\/title>\n<meta name=\"description\" content=\"Sie k\u00f6nnen OPUS smart Zelte ausschlie\u00dflich \u00fcber unsere zugelassenen Fachh\u00e4ndler kaufen. Wir haben H\u00e4ndler in ganz Deutschland. Finden Sie noch heute den n\u00e4chstgelegenen H\u00e4ndler!\" \/>\n<meta name=\"robots\" content=\"index, follow, max-snippet:-1, max-image-preview:large, max-video-preview:-1\" \/>\n<link rel=\"canonical\" href=\"https:\/\/www.opustents.com\/de\/lagerhalter\/\" \/>\n<meta property=\"og:locale\" content=\"de_DE\" \/>\n<meta property=\"og:type\" content=\"article\" \/>\n<meta property=\"og:title\" content=\"Wo kann ich ein OPUS smart Zelt kaufen? Finden Sie hier einen Fachh\u00e4ndler\" \/>\n<meta property=\"og:description\" content=\"Sie k\u00f6nnen OPUS smart Zelte ausschlie\u00dflich \u00fcber unsere zugelassenen Fachh\u00e4ndler kaufen. Wir haben H\u00e4ndler in ganz Deutschland. Finden Sie noch heute den n\u00e4chstgelegenen H\u00e4ndler!\" \/>\n<meta property=\"og:url\" content=\"https:\/\/www.opustents.com\/de\/lagerhalter\/\" \/>\n<meta property=\"og:site_name\" content=\"OPUS: The smart way to camp\" \/>\n<meta property=\"article:modified_time\" content=\"2025-02-27T09:50:27+00:00\" \/>\n<meta property=\"og:image\" content=\"https:\/\/www.opustents.com\/wp-content\/uploads\/2024\/07\/OPT_46_exterior5.jpg\" \/>\n\t<meta property=\"og:image:width\" content=\"2048\" \/>\n\t<meta property=\"og:image:height\" content=\"1363\" \/>\n\t<meta property=\"og:image:type\" content=\"image\/jpeg\" \/>\n<meta name=\"twitter:card\" content=\"summary_large_image\" \/>\n<meta name=\"twitter:label1\" content=\"Gesch\u00e4tzte Lesezeit\" \/>\n\t<meta name=\"twitter:data1\" content=\"3\u00a0Minuten\" \/>\n<script type=\"application\/ld+json\" class=\"yoast-schema-graph\">{\"@context\":\"https:\/\/schema.org\",\"@graph\":[{\"@type\":\"WebPage\",\"@id\":\"https:\/\/www.opustents.com\/de\/lagerhalter\/\",\"url\":\"https:\/\/www.opustents.com\/de\/lagerhalter\/\",\"name\":\"Wo kann ich ein OPUS smart Zelt kaufen? Finden Sie hier einen Fachh\u00e4ndler\",\"isPartOf\":{\"@id\":\"https:\/\/www.opustents.com\/de\/#website\"},\"primaryImageOfPage\":{\"@id\":\"https:\/\/www.opustents.com\/de\/lagerhalter\/#primaryimage\"},\"image\":{\"@id\":\"https:\/\/www.opustents.com\/de\/lagerhalter\/#primaryimage\"},\"thumbnailUrl\":\"https:\/\/www.opustents.com\/wp-content\/uploads\/2024\/07\/OPT_46_exterior5.jpg\",\"datePublished\":\"2024-07-02T10:08:34+00:00\",\"dateModified\":\"2025-02-27T09:50:27+00:00\",\"description\":\"Sie k\u00f6nnen OPUS smart Zelte ausschlie\u00dflich \u00fcber unsere zugelassenen Fachh\u00e4ndler kaufen. Wir haben H\u00e4ndler in ganz Deutschland. Finden Sie noch heute den n\u00e4chstgelegenen H\u00e4ndler!\",\"breadcrumb\":{\"@id\":\"https:\/\/www.opustents.com\/de\/lagerhalter\/#breadcrumb\"},\"inLanguage\":\"de\",\"potentialAction\":[{\"@type\":\"ReadAction\",\"target\":[\"https:\/\/www.opustents.com\/de\/lagerhalter\/\"]}]},{\"@type\":\"ImageObject\",\"inLanguage\":\"de\",\"@id\":\"https:\/\/www.opustents.com\/de\/lagerhalter\/#primaryimage\",\"url\":\"https:\/\/www.opustents.com\/wp-content\/uploads\/2024\/07\/OPT_46_exterior5.jpg\",\"contentUrl\":\"https:\/\/www.opustents.com\/wp-content\/uploads\/2024\/07\/OPT_46_exterior5.jpg\",\"width\":2048,\"height\":1363},{\"@type\":\"BreadcrumbList\",\"@id\":\"https:\/\/www.opustents.com\/de\/lagerhalter\/#breadcrumb\",\"itemListElement\":[{\"@type\":\"ListItem\",\"position\":1,\"name\":\"Home\",\"item\":\"https:\/\/www.opustents.com\/de\/startseite\/\"},{\"@type\":\"ListItem\",\"position\":2,\"name\":\"Lagerhalter\"}]},{\"@type\":\"WebSite\",\"@id\":\"https:\/\/www.opustents.com\/de\/#website\",\"url\":\"https:\/\/www.opustents.com\/de\/\",\"name\":\"OPUS smart tents\",\"description\":\"With patented self-inflation technology\",\"publisher\":{\"@id\":\"https:\/\/www.opustents.com\/de\/#organization\"},\"potentialAction\":[{\"@type\":\"SearchAction\",\"target\":{\"@type\":\"EntryPoint\",\"urlTemplate\":\"https:\/\/www.opustents.com\/de\/?s={search_term_string}\"},\"query-input\":{\"@type\":\"PropertyValueSpecification\",\"valueRequired\":true,\"valueName\":\"search_term_string\"}}],\"inLanguage\":\"de\"},{\"@type\":\"Organization\",\"@id\":\"https:\/\/www.opustents.com\/de\/#organization\",\"name\":\"OPUS smart tents\",\"url\":\"https:\/\/www.opustents.com\/de\/\",\"logo\":{\"@type\":\"ImageObject\",\"inLanguage\":\"de\",\"@id\":\"https:\/\/www.opustents.com\/de\/#\/schema\/logo\/image\/\",\"url\":\"https:\/\/www.opustents.com\/wp-content\/uploads\/2024\/01\/OPUS-smart-tents_OPUS_smart_tent.png\",\"contentUrl\":\"https:\/\/www.opustents.com\/wp-content\/uploads\/2024\/01\/OPUS-smart-tents_OPUS_smart_tent.png\",\"width\":1300,\"height\":499,\"caption\":\"OPUS smart tents\"},\"image\":{\"@id\":\"https:\/\/www.opustents.com\/de\/#\/schema\/logo\/image\/\"}}]}<\/script>\n<!-- \/ Yoast SEO plugin. -->","yoast_head_json":{"title":"Wo kann ich ein OPUS smart Zelt kaufen? Finden Sie hier einen Fachh\u00e4ndler","description":"Sie k\u00f6nnen OPUS smart Zelte ausschlie\u00dflich \u00fcber unsere zugelassenen Fachh\u00e4ndler kaufen. Wir haben H\u00e4ndler in ganz Deutschland. Finden Sie noch heute den n\u00e4chstgelegenen H\u00e4ndler!","robots":{"index":"index","follow":"follow","max-snippet":"max-snippet:-1","max-image-preview":"max-image-preview:large","max-video-preview":"max-video-preview:-1"},"canonical":"https:\/\/www.opustents.com\/de\/lagerhalter\/","og_locale":"de_DE","og_type":"article","og_title":"Wo kann ich ein OPUS smart Zelt kaufen? Finden Sie hier einen Fachh\u00e4ndler","og_description":"Sie k\u00f6nnen OPUS smart Zelte ausschlie\u00dflich \u00fcber unsere zugelassenen Fachh\u00e4ndler kaufen. Wir haben H\u00e4ndler in ganz Deutschland. Finden Sie noch heute den n\u00e4chstgelegenen H\u00e4ndler!","og_url":"https:\/\/www.opustents.com\/de\/lagerhalter\/","og_site_name":"OPUS: The smart way to camp","article_modified_time":"2025-02-27T09:50:27+00:00","og_image":[{"width":2048,"height":1363,"url":"https:\/\/www.opustents.com\/wp-content\/uploads\/2024\/07\/OPT_46_exterior5.jpg","type":"image\/jpeg"}],"twitter_card":"summary_large_image","twitter_misc":{"Gesch\u00e4tzte Lesezeit":"3\u00a0Minuten"},"schema":{"@context":"https:\/\/schema.org","@graph":[{"@type":"WebPage","@id":"https:\/\/www.opustents.com\/de\/lagerhalter\/","url":"https:\/\/www.opustents.com\/de\/lagerhalter\/","name":"Wo kann ich ein OPUS smart Zelt kaufen? Finden Sie hier einen Fachh\u00e4ndler","isPartOf":{"@id":"https:\/\/www.opustents.com\/de\/#website"},"primaryImageOfPage":{"@id":"https:\/\/www.opustents.com\/de\/lagerhalter\/#primaryimage"},"image":{"@id":"https:\/\/www.opustents.com\/de\/lagerhalter\/#primaryimage"},"thumbnailUrl":"https:\/\/www.opustents.com\/wp-content\/uploads\/2024\/07\/OPT_46_exterior5.jpg","datePublished":"2024-07-02T10:08:34+00:00","dateModified":"2025-02-27T09:50:27+00:00","description":"Sie k\u00f6nnen OPUS smart Zelte ausschlie\u00dflich \u00fcber unsere zugelassenen Fachh\u00e4ndler kaufen. Wir haben H\u00e4ndler in ganz Deutschland. Finden Sie noch heute den n\u00e4chstgelegenen H\u00e4ndler!","breadcrumb":{"@id":"https:\/\/www.opustents.com\/de\/lagerhalter\/#breadcrumb"},"inLanguage":"de","potentialAction":[{"@type":"ReadAction","target":["https:\/\/www.opustents.com\/de\/lagerhalter\/"]}]},{"@type":"ImageObject","inLanguage":"de","@id":"https:\/\/www.opustents.com\/de\/lagerhalter\/#primaryimage","url":"https:\/\/www.opustents.com\/wp-content\/uploads\/2024\/07\/OPT_46_exterior5.jpg","contentUrl":"https:\/\/www.opustents.com\/wp-content\/uploads\/2024\/07\/OPT_46_exterior5.jpg","width":2048,"height":1363},{"@type":"BreadcrumbList","@id":"https:\/\/www.opustents.com\/de\/lagerhalter\/#breadcrumb","itemListElement":[{"@type":"ListItem","position":1,"name":"Home","item":"https:\/\/www.opustents.com\/de\/startseite\/"},{"@type":"ListItem","position":2,"name":"Lagerhalter"}]},{"@type":"WebSite","@id":"https:\/\/www.opustents.com\/de\/#website","url":"https:\/\/www.opustents.com\/de\/","name":"OPUS smart tents","description":"With patented self-inflation technology","publisher":{"@id":"https:\/\/www.opustents.com\/de\/#organization"},"potentialAction":[{"@type":"SearchAction","target":{"@type":"EntryPoint","urlTemplate":"https:\/\/www.opustents.com\/de\/?s={search_term_string}"},"query-input":{"@type":"PropertyValueSpecification","valueRequired":true,"valueName":"search_term_string"}}],"inLanguage":"de"},{"@type":"Organization","@id":"https:\/\/www.opustents.com\/de\/#organization","name":"OPUS smart tents","url":"https:\/\/www.opustents.com\/de\/","logo":{"@type":"ImageObject","inLanguage":"de","@id":"https:\/\/www.opustents.com\/de\/#\/schema\/logo\/image\/","url":"https:\/\/www.opustents.com\/wp-content\/uploads\/2024\/01\/OPUS-smart-tents_OPUS_smart_tent.png","contentUrl":"https:\/\/www.opustents.com\/wp-content\/uploads\/2024\/01\/OPUS-smart-tents_OPUS_smart_tent.png","width":1300,"height":499,"caption":"OPUS smart tents"},"image":{"@id":"https:\/\/www.opustents.com\/de\/#\/schema\/logo\/image\/"}}]}},"_links":{"self":[{"href":"https:\/\/www.opustents.com\/de\/wp-json\/wp\/v2\/pages\/1256","targetHints":{"allow":["GET"]}}],"collection":[{"href":"https:\/\/www.opustents.com\/de\/wp-json\/wp\/v2\/pages"}],"about":[{"href":"https:\/\/www.opustents.com\/de\/wp-json\/wp\/v2\/types\/page"}],"author":[{"embeddable":true,"href":"https:\/\/www.opustents.com\/de\/wp-json\/wp\/v2\/users\/1"}],"replies":[{"embeddable":true,"href":"https:\/\/www.opustents.com\/de\/wp-json\/wp\/v2\/comments?post=1256"}],"version-history":[{"count":14,"href":"https:\/\/www.opustents.com\/de\/wp-json\/wp\/v2\/pages\/1256\/revisions"}],"predecessor-version":[{"id":2236,"href":"https:\/\/www.opustents.com\/de\/wp-json\/wp\/v2\/pages\/1256\/revisions\/2236"}],"wp:featuredmedia":[{"embeddable":true,"href":"https:\/\/www.opustents.com\/de\/wp-json\/wp\/v2\/media\/1016"}],"wp:attachment":[{"href":"https:\/\/www.opustents.com\/de\/wp-json\/wp\/v2\/media?parent=1256"}],"curies":[{"name":"wp","href":"https:\/\/api.w.org\/{rel}","templated":true}]}}