{"id":1242,"date":"2024-07-02T16:29:59","date_gmt":"2024-07-02T16:29:59","guid":{"rendered":"https:\/\/www.opustents.com\/kontakt\/"},"modified":"2024-09-18T12:16:11","modified_gmt":"2024-09-18T12:16:11","slug":"kontakt","status":"publish","type":"page","link":"https:\/\/www.opustents.com\/de\/kontakt\/","title":{"rendered":"Kontakt"},"content":{"rendered":"<section class=\"wpb-content-wrapper\"><p>[vc_row height_ratio=&#8220;70&#8243; padding_top_multiplier=&#8220;3x&#8220; padding_bottom_multiplier=&#8220;3x&#8220; rc_heading_color=&#8220;light&#8220; rc_bg_type=&#8220;image&#8220; rc_bg_image=&#8220;457&#8243; rc_bg_color_overlay=&#8220;gradient&#8220; rc_bg_gradient_overlay_custom_1=&#8220;rgba(237,107,6,0.91)&#8220; rc_bg_gradient_overlay_custom_2=&#8220;rgba(255,255,255,0.01)&#8220; rc_bg_gradient_overlay_direction=&#8220;180&#8243; mobile_height_ratio=&#8220;80&#8243; separator_bottom=&#8220;torn-paper-separator&#8220; separator_bottom_size=&#8220;30px&#8220; section_id=&#8220;header&#8220;][vc_column vertical_content_position=&#8220;middle&#8220; rc_heading_color=&#8220;light&#8220; column_effect=&#8220;vertical-parallax&#8220; column_effect_invert=&#8220;true&#8220;]<h1 class=\"eut-element eut-title eut-align-center eut-h2\" style=\"\"><span>Kontaktieren Sie uns<\/span><\/h1>[\/vc_column][\/vc_row][vc_row padding_top_multiplier=&#8220;2x&#8220; padding_bottom_multiplier=&#8220;2x&#8220; rc_bg_type=&#8220;color&#8220; equal_column_height=&#8220;equal&#8220; separator_top_size=&#8220;150px&#8220; separator_bottom_size=&#8220;60px&#8220; rc_bg_color=&#8220;#ffffff&#8220; section_id=&#8220;about&#8220; scroll_section_title=&#8220;ABOUT&#8220;][vc_column width=&#8220;2\/3&#8243; vertical_content_position=&#8220;middle&#8220; rc_bg_type=&#8220;color&#8220; expand_column_bg=&#8220;expand-bg-left&#8220; rc_bg_color=&#8220;#ffffff&#8220; css=&#8220;.vc_custom_1706699158649{padding-right: 5% !important;padding-left: 5% !important;}&#8220;]<h2 class=\"eut-element eut-title eut-align-left eut-h4\" style=\"\"><span>Haben Sie Fragen?<br \/>\nWir haben die Antworten!<\/span><\/h2>[vc_column_text]Das Wichtigste zuerst.<br \/>\nWenn Sie eine Frage zum Aufbau und Betrieb Ihres Zeltes haben, finden Sie die Antwort wahrscheinlich auf unserer <a href=\"https:\/\/www.opustents.com\/t46\/\">Support-Seite<\/a>.<br \/>\nHier finden Sie Videos und Handb\u00fccher zum Aufbau Ihres Produkts sowie h\u00e4ufig gestellte Fragen.[\/vc_column_text][\/vc_column][vc_column width=&#8220;1\/3&#8243;]<div class=\"eut-element eut-align-center eut-animated-item eut-fade-in-up eut-duration-normal\" data-delay=\"200\"><a href=\"https:\/\/www.opustents.com\/support\/\" title=\"Unterst\u00fctzung\" class=\"eut-btn eut-btn-large eut-round eut-bg-primary-1 eut-bg-hover-primary-1 eut-btn-line\"><span>Besuchen Sie unsere Support-Seite<\/span><span class=\"screen-reader-text\">support page<\/span><\/a><\/div>[\/vc_column][\/vc_row][vc_row padding_top_multiplier=&#8220;&#8220; padding_bottom_multiplier=&#8220;2x&#8220; rc_bg_type=&#8220;color&#8220; equal_column_height=&#8220;equal&#8220; separator_top_size=&#8220;150px&#8220; separator_bottom_size=&#8220;60px&#8220; rc_bg_color=&#8220;#ffffff&#8220; section_id=&#8220;about&#8220; rc_margin_bottom=&#8220;0&#8243; scroll_section_title=&#8220;ABOUT&#8220;][vc_column width=&#8220;2\/3&#8243; vertical_content_position=&#8220;middle&#8220; rc_bg_type=&#8220;color&#8220; expand_column_bg=&#8220;expand-bg-left&#8220; rc_bg_color=&#8220;#ffffff&#8220; css=&#8220;.vc_custom_1706699158649{padding-right: 5% !important;padding-left: 5% !important;}&#8220;]<h3 class=\"eut-element eut-title eut-align-left eut-h4\" style=\"\"><span>Frage zur Garantie?<\/span><\/h3>[vc_column_text]Wenn Sie eine Frage zur Garantie haben, ist Ihre erste Anlaufstelle der H\u00e4ndler, bei dem Sie das Zelt gekauft haben.<br \/>\nEr verf\u00fcgt \u00fcber die n\u00f6tigen Mittel und das Wissen, um Ihnen bei Fragen zu helfen.[\/vc_column_text][\/vc_column][vc_column width=&#8220;1\/3&#8243;]<div class=\"eut-element eut-align-center eut-animated-item eut-fade-in-up eut-duration-normal\" data-delay=\"200\"><a href=\"https:\/\/www.opustents.com\/stockists\/\" title=\"Unterst\u00fctzung\" class=\"eut-btn eut-btn-large eut-round eut-bg-primary-1 eut-bg-hover-primary-1 eut-btn-line\"><span>Finden Sie Ihren Fachh\u00e4ndler<\/span><span class=\"screen-reader-text\">stockist<\/span><\/a><\/div>[\/vc_column][\/vc_row][vc_row height_ratio=&#8220;80&#8243; padding_top_multiplier=&#8220;&#8220; padding_bottom_multiplier=&#8220;2x&#8220; rc_bg_type=&#8220;color&#8220; equal_column_height=&#8220;equal&#8220; separator_top_size=&#8220;150px&#8220; separator_bottom_size=&#8220;60px&#8220; rc_bg_color=&#8220;#ffffff&#8220; section_id=&#8220;about&#8220; rc_margin_bottom=&#8220;0&#8243; scroll_section_title=&#8220;ABOUT&#8220;][vc_column width=&#8220;1\/2&#8243; vertical_content_position=&#8220;middle&#8220; rc_bg_type=&#8220;color&#8220; expand_column_bg=&#8220;expand-bg-left&#8220; rc_bg_color=&#8220;#ffffff&#8220; css=&#8220;.vc_custom_1706699158649{padding-right: 5% !important;padding-left: 5% !important;}&#8220;]<h4 class=\"eut-element eut-title eut-align-left eut-h4\" style=\"\"><span>Haben Sie noch Fragen?<br \/>\nSie haben Gl\u00fcck!<\/span><\/h4>[vc_column_text]Wenn Sie in den obigen Informationen keine Antwort auf Ihre Frage finden konnten, sind Sie hier genau richtig.<br \/>\nF\u00fcllen Sie das untenstehende Formular aus, um sich mit dem Team in Verbindung zu setzen.[\/vc_column_text]<div class=\"wpforms-container wpforms-container-full wpforms-render-modern\" id=\"wpforms-499\"><form id=\"wpforms-form-499\" class=\"wpforms-validate wpforms-form wpforms-ajax-form\" data-formid=\"499\" method=\"post\" enctype=\"multipart\/form-data\" action=\"\/de\/wp-json\/wp\/v2\/pages\/1242\" data-token=\"cdeb6cae21e8508153a4a17641aabf02\" data-token-time=\"1775257718\"><noscript class=\"wpforms-error-noscript\">Bitte aktiviere JavaScript in deinem Browser, um dieses Formular fertigzustellen.<\/noscript><div class=\"wpforms-hidden\" id=\"wpforms-error-noscript\">Bitte aktiviere JavaScript in deinem Browser, um dieses Formular fertigzustellen.<\/div><div class=\"wpforms-field-container\"><div id=\"wpforms-499-field_1-container\" class=\"wpforms-field wpforms-field-name\" data-field-id=\"1\"><fieldset><legend class=\"wpforms-field-label\">Name <span class=\"wpforms-required-label\" aria-hidden=\"true\">*<\/span><\/legend><div class=\"wpforms-field-row wpforms-field-large\"><div class=\"wpforms-field-row-block wpforms-first wpforms-one-half\"><input type=\"text\" id=\"wpforms-499-field_1\" class=\"wpforms-field-name-first wpforms-field-required\" name=\"wpforms[fields][1][first]\" aria-errormessage=\"wpforms-499-field_1-error\" required><label for=\"wpforms-499-field_1\" class=\"wpforms-field-sublabel after\">Vorname<\/label><\/div><div class=\"wpforms-field-row-block wpforms-one-half\"><input type=\"text\" id=\"wpforms-499-field_1-last\" class=\"wpforms-field-name-last wpforms-field-required\" name=\"wpforms[fields][1][last]\" aria-errormessage=\"wpforms-499-field_1-last-error\" required><label for=\"wpforms-499-field_1-last\" class=\"wpforms-field-sublabel after\">Nachname<\/label><\/div><\/div><\/fieldset><\/div><div id=\"wpforms-499-field_2-container\" class=\"wpforms-field wpforms-field-email\" data-field-id=\"2\"><label class=\"wpforms-field-label\" for=\"wpforms-499-field_2\">Email <span class=\"wpforms-required-label\" aria-hidden=\"true\">*<\/span><\/label><input type=\"email\" id=\"wpforms-499-field_2\" class=\"wpforms-field-large wpforms-field-required\" name=\"wpforms[fields][2]\" spellcheck=\"false\" aria-errormessage=\"wpforms-499-field_2-error\" required><\/div><div id=\"wpforms-499-field_4-container\" class=\"wpforms-field wpforms-field-text\" data-field-id=\"4\"><label class=\"wpforms-field-label\" for=\"wpforms-499-field_4\">How can we help? <span class=\"wpforms-required-label\" aria-hidden=\"true\">*<\/span><\/label><input type=\"text\" id=\"wpforms-499-field_4\" class=\"wpforms-field-large wpforms-field-required\" name=\"wpforms[fields][4]\" aria-errormessage=\"wpforms-499-field_4-error\" required><\/div><\/div><!-- .wpforms-field-container --><div class=\"wpforms-recaptcha-container wpforms-is-recaptcha wpforms-is-recaptcha-type-v3\" ><input type=\"hidden\" name=\"wpforms[recaptcha]\" value=\"\"><\/div><div class=\"wpforms-submit-container\" ><input type=\"hidden\" name=\"wpforms[id]\" value=\"499\"><input type=\"hidden\" name=\"page_title\" value=\"\"><input type=\"hidden\" name=\"page_url\" value=\"https:\/\/www.opustents.com\/de\/wp-json\/wp\/v2\/pages\/1242\"><input type=\"hidden\" name=\"url_referer\" value=\"\"><button type=\"submit\" name=\"wpforms[submit]\" id=\"wpforms-submit-499\" class=\"wpforms-submit\" data-alt-text=\"Sending...\" data-submit-text=\"Submit\" aria-live=\"assertive\" value=\"wpforms-submit\">Submit<\/button><img decoding=\"async\" data-src=\"https:\/\/www.opustents.com\/wp-content\/plugins\/wpforms-lite\/assets\/images\/submit-spin.svg\" class=\"wpforms-submit-spinner lazyload\" style=\"--smush-placeholder-width: 26px; --smush-placeholder-aspect-ratio: 26\/26;display: none;\" width=\"26\" height=\"26\" alt=\"Wird geladen\" src=\"data:image\/gif;base64,R0lGODlhAQABAAAAACH5BAEKAAEALAAAAAABAAEAAAICTAEAOw==\"><\/div><\/form><\/div>  <!-- .wpforms-container -->[vc_empty_space][\/vc_column][vc_column width=&#8220;1\/2&#8243; rc_bg_type=&#8220;image&#8220; rc_bg_image=&#8220;460&#8243; expand_column_bg=&#8220;expand-bg-right&#8220; mobile_width=&#8220;hide&#8220;][vc_empty_space][\/vc_column][\/vc_row][vc_row padding_top_multiplier=&#8220;&#8220; padding_bottom_multiplier=&#8220;2x&#8220; rc_bg_type=&#8220;color&#8220; equal_column_height=&#8220;equal&#8220; separator_top_size=&#8220;150px&#8220; separator_bottom_size=&#8220;60px&#8220; rc_bg_color=&#8220;#ffffff&#8220; section_id=&#8220;about&#8220; rc_margin_bottom=&#8220;0&#8243; scroll_section_title=&#8220;ABOUT&#8220;][vc_column width=&#8220;2\/3&#8243;]<h5 class=\"eut-element eut-title eut-align-left eut-h4\" style=\"\"><span>Eine dringende Frage?<br \/>\nRufen Sie uns an!<\/span><\/h5>[vc_column_text]Wenn Sie eine Frage haben, deren Antwort Sie nicht abwarten k\u00f6nnen, k\u00f6nnen Sie unsere britische Zentrale anrufen.[\/vc_column_text][\/vc_column][vc_column width=&#8220;1\/3&#8243; vertical_content_position=&#8220;middle&#8220; text_align=&#8220;center&#8220;][vc_column_text text_style=&#8220;leader-text&#8220;]<\/p>\n<h6><strong>01473 601 200  <\/strong><\/h6>\n<p>[\/vc_column_text][\/vc_column][\/vc_row][vc_row height_ratio=&#8220;80&#8243; padding_top_multiplier=&#8220;&#8220; padding_bottom_multiplier=&#8220;&#8220; rc_heading_color=&#8220;light&#8220; rc_bg_type=&#8220;image&#8220; rc_bg_image=&#8220;449&#8243; separator_top=&#8220;torn-paper-separator&#8220; separator_top_size=&#8220;30px&#8220; separator_bottom=&#8220;torn-paper-separator&#8220; separator_bottom_size=&#8220;60px&#8220; separator_bottom_color=&#8220;#ed6b06&#8243; rc_bg_color=&#8220;#ffffff&#8220; section_id=&#8220;cta&#8220; scroll_section_title=&#8220;WHERE TO BUY&#8220;][vc_column width=&#8220;1\/4&#8243; vertical_content_position=&#8220;middle&#8220; text_align=&#8220;center&#8220; rc_add_shadow=&#8220;medium-shadow&#8220; css=&#8220;.vc_custom_1719928090875{border-radius: 35px !important;}&#8220;][\/vc_column][vc_column width=&#8220;1\/2&#8243; vertical_content_position=&#8220;middle&#8220; rc_heading_color=&#8220;light&#8220; rc_bg_type=&#8220;color&#8220; css=&#8220;.vc_custom_1719937539023{padding-top: 10% !important;padding-right: 10% !important;padding-bottom: 10% !important;padding-left: 10% !important;border-radius: 35px !important;}&#8220; rc_font_color=&#8220;#ffffff&#8220; rc_bg_color=&#8220;#ffffff&#8220;][vc_single_image image=&#8220;1048&#8243; img_size=&#8220;&#8220; alignment=&#8220;center&#8220;][vc_empty_space]<div class=\"eut-element eut-title eut-align-center eut-h2\" style=\"\"><span>Wir sind stolz darauf, Teil der Purple Line Familie zu sein!<\/span><\/div>[vc_empty_space]<div class=\"eut-element eut-align-center eut-animated-item eut-fade-in-up eut-duration-normal\" data-delay=\"200\"><a href=\"https:\/\/www.purpleline.co.uk\" title=\"Purple Line Limited\" class=\"eut-btn eut-btn-medium eut-round eut-bg-primary-1 eut-bg-hover-primary-1 eut-btn-line\"><span>Erfahren Sie mehr \u00fcber Purple Line<\/span><span class=\"screen-reader-text\">Purple Line<\/span><\/a><\/div>[\/vc_column][vc_column width=&#8220;1\/4&#8243;][\/vc_column][\/vc_row]<\/p>\n<\/section>","protected":false},"excerpt":{"rendered":"<p>[vc_row height_ratio=&#8220;70&#8243; padding_top_multiplier=&#8220;3x&#8220; padding_bottom_multiplier=&#8220;3x&#8220; rc_heading_color=&#8220;light&#8220; rc_bg_type=&#8220;image&#8220; rc_bg_image=&#8220;457&#8243; rc_bg_color_overlay=&#8220;gradient&#8220; rc_bg_gradient_overlay_custom_1=&#8220;rgba(237,107,6,0.91)&#8220; rc_bg_gradient_overlay_custom_2=&#8220;rgba(255,255,255,0.01)&#8220; rc_bg_gradient_overlay_direction=&#8220;180&#8243; mobile_height_ratio=&#8220;80&#8243; separator_bottom=&#8220;torn-paper-separator&#8220; separator_bottom_size=&#8220;30px&#8220; section_id=&#8220;header&#8220;][vc_column vertical_content_position=&#8220;middle&#8220; rc_heading_color=&#8220;light&#8220; column_effect=&#8220;vertical-parallax&#8220; column_effect_invert=&#8220;true&#8220;][\/vc_column][\/vc_row][vc_row padding_top_multiplier=&#8220;2x&#8220; padding_bottom_multiplier=&#8220;2x&#8220; rc_bg_type=&#8220;color&#8220; equal_column_height=&#8220;equal&#8220; separator_top_size=&#8220;150px&#8220; separator_bottom_size=&#8220;60px&#8220; rc_bg_color=&#8220;#ffffff&#8220; section_id=&#8220;about&#8220; scroll_section_title=&#8220;ABOUT&#8220;][vc_column width=&#8220;2\/3&#8243; vertical_content_position=&#8220;middle&#8220; rc_bg_type=&#8220;color&#8220; expand_column_bg=&#8220;expand-bg-left&#8220; rc_bg_color=&#8220;#ffffff&#8220; css=&#8220;.vc_custom_1706699158649{padding-right: 5% !important;padding-left: 5% !important;}&#8220;][vc_column_text]Das Wichtigste zuerst. Wenn Sie eine Frage zum Aufbau und Betrieb Ihres Zeltes haben, finden Sie die Antwort [&hellip;]<\/p>\n","protected":false},"author":1,"featured_media":1044,"parent":0,"menu_order":0,"comment_status":"closed","ping_status":"closed","template":"","meta":{"content-type":"","footnotes":""},"class_list":["post-1242","page","type-page","status-publish","has-post-thumbnail","hentry"],"yoast_head":"<!-- This site is optimized with the Yoast SEO plugin v25.1 - https:\/\/yoast.com\/wordpress\/plugins\/seo\/ -->\n<title>Kontakt OPUS: The smart way to camp<\/title>\n<meta name=\"description\" content=\"Haben Sie eine Frage zu unseren preisgekr\u00f6nten selbstaufblasenden Zelten? Dann sind Sie bei uns genau richtig. Nehmen Sie hier Kontakt mit uns auf.\" \/>\n<meta name=\"robots\" content=\"index, follow, max-snippet:-1, max-image-preview:large, max-video-preview:-1\" \/>\n<link rel=\"canonical\" href=\"https:\/\/www.opustents.com\/de\/kontakt\/\" \/>\n<meta property=\"og:locale\" content=\"de_DE\" \/>\n<meta property=\"og:type\" content=\"article\" \/>\n<meta property=\"og:title\" content=\"Kontakt OPUS: The smart way to camp\" \/>\n<meta property=\"og:description\" content=\"Haben Sie eine Frage zu unseren preisgekr\u00f6nten selbstaufblasenden Zelten? Dann sind Sie bei uns genau richtig. Nehmen Sie hier Kontakt mit uns auf.\" \/>\n<meta property=\"og:url\" content=\"https:\/\/www.opustents.com\/de\/kontakt\/\" \/>\n<meta property=\"og:site_name\" content=\"OPUS: The smart way to camp\" \/>\n<meta property=\"article:modified_time\" content=\"2024-09-18T12:16:11+00:00\" \/>\n<meta property=\"og:image\" content=\"https:\/\/www.opustents.com\/wp-content\/uploads\/2024\/07\/OPT_46_exterior21.jpg\" \/>\n\t<meta property=\"og:image:width\" content=\"2048\" \/>\n\t<meta property=\"og:image:height\" content=\"1388\" \/>\n\t<meta property=\"og:image:type\" content=\"image\/jpeg\" \/>\n<meta name=\"twitter:card\" content=\"summary_large_image\" \/>\n<meta name=\"twitter:label1\" content=\"Gesch\u00e4tzte Lesezeit\" \/>\n\t<meta name=\"twitter:data1\" content=\"5\u00a0Minuten\" \/>\n<script type=\"application\/ld+json\" class=\"yoast-schema-graph\">{\"@context\":\"https:\/\/schema.org\",\"@graph\":[{\"@type\":\"WebPage\",\"@id\":\"https:\/\/www.opustents.com\/de\/kontakt\/\",\"url\":\"https:\/\/www.opustents.com\/de\/kontakt\/\",\"name\":\"Kontakt OPUS: The smart way to camp\",\"isPartOf\":{\"@id\":\"https:\/\/www.opustents.com\/de\/#website\"},\"primaryImageOfPage\":{\"@id\":\"https:\/\/www.opustents.com\/de\/kontakt\/#primaryimage\"},\"image\":{\"@id\":\"https:\/\/www.opustents.com\/de\/kontakt\/#primaryimage\"},\"thumbnailUrl\":\"https:\/\/www.opustents.com\/wp-content\/uploads\/2024\/07\/OPT_46_exterior21.jpg\",\"datePublished\":\"2024-07-02T16:29:59+00:00\",\"dateModified\":\"2024-09-18T12:16:11+00:00\",\"description\":\"Haben Sie eine Frage zu unseren preisgekr\u00f6nten selbstaufblasenden Zelten? Dann sind Sie bei uns genau richtig. Nehmen Sie hier Kontakt mit uns auf.\",\"breadcrumb\":{\"@id\":\"https:\/\/www.opustents.com\/de\/kontakt\/#breadcrumb\"},\"inLanguage\":\"de\",\"potentialAction\":[{\"@type\":\"ReadAction\",\"target\":[\"https:\/\/www.opustents.com\/de\/kontakt\/\"]}]},{\"@type\":\"ImageObject\",\"inLanguage\":\"de\",\"@id\":\"https:\/\/www.opustents.com\/de\/kontakt\/#primaryimage\",\"url\":\"https:\/\/www.opustents.com\/wp-content\/uploads\/2024\/07\/OPT_46_exterior21.jpg\",\"contentUrl\":\"https:\/\/www.opustents.com\/wp-content\/uploads\/2024\/07\/OPT_46_exterior21.jpg\",\"width\":2048,\"height\":1388},{\"@type\":\"BreadcrumbList\",\"@id\":\"https:\/\/www.opustents.com\/de\/kontakt\/#breadcrumb\",\"itemListElement\":[{\"@type\":\"ListItem\",\"position\":1,\"name\":\"Home\",\"item\":\"https:\/\/www.opustents.com\/de\/startseite\/\"},{\"@type\":\"ListItem\",\"position\":2,\"name\":\"Kontakt\"}]},{\"@type\":\"WebSite\",\"@id\":\"https:\/\/www.opustents.com\/de\/#website\",\"url\":\"https:\/\/www.opustents.com\/de\/\",\"name\":\"OPUS smart tents\",\"description\":\"With patented self-inflation technology\",\"publisher\":{\"@id\":\"https:\/\/www.opustents.com\/de\/#organization\"},\"potentialAction\":[{\"@type\":\"SearchAction\",\"target\":{\"@type\":\"EntryPoint\",\"urlTemplate\":\"https:\/\/www.opustents.com\/de\/?s={search_term_string}\"},\"query-input\":{\"@type\":\"PropertyValueSpecification\",\"valueRequired\":true,\"valueName\":\"search_term_string\"}}],\"inLanguage\":\"de\"},{\"@type\":\"Organization\",\"@id\":\"https:\/\/www.opustents.com\/de\/#organization\",\"name\":\"OPUS smart tents\",\"url\":\"https:\/\/www.opustents.com\/de\/\",\"logo\":{\"@type\":\"ImageObject\",\"inLanguage\":\"de\",\"@id\":\"https:\/\/www.opustents.com\/de\/#\/schema\/logo\/image\/\",\"url\":\"https:\/\/www.opustents.com\/wp-content\/uploads\/2024\/01\/OPUS-smart-tents_OPUS_smart_tent.png\",\"contentUrl\":\"https:\/\/www.opustents.com\/wp-content\/uploads\/2024\/01\/OPUS-smart-tents_OPUS_smart_tent.png\",\"width\":1300,\"height\":499,\"caption\":\"OPUS smart tents\"},\"image\":{\"@id\":\"https:\/\/www.opustents.com\/de\/#\/schema\/logo\/image\/\"}}]}<\/script>\n<!-- \/ Yoast SEO plugin. -->","yoast_head_json":{"title":"Kontakt OPUS: The smart way to camp","description":"Haben Sie eine Frage zu unseren preisgekr\u00f6nten selbstaufblasenden Zelten? Dann sind Sie bei uns genau richtig. Nehmen Sie hier Kontakt mit uns auf.","robots":{"index":"index","follow":"follow","max-snippet":"max-snippet:-1","max-image-preview":"max-image-preview:large","max-video-preview":"max-video-preview:-1"},"canonical":"https:\/\/www.opustents.com\/de\/kontakt\/","og_locale":"de_DE","og_type":"article","og_title":"Kontakt OPUS: The smart way to camp","og_description":"Haben Sie eine Frage zu unseren preisgekr\u00f6nten selbstaufblasenden Zelten? Dann sind Sie bei uns genau richtig. Nehmen Sie hier Kontakt mit uns auf.","og_url":"https:\/\/www.opustents.com\/de\/kontakt\/","og_site_name":"OPUS: The smart way to camp","article_modified_time":"2024-09-18T12:16:11+00:00","og_image":[{"width":2048,"height":1388,"url":"https:\/\/www.opustents.com\/wp-content\/uploads\/2024\/07\/OPT_46_exterior21.jpg","type":"image\/jpeg"}],"twitter_card":"summary_large_image","twitter_misc":{"Gesch\u00e4tzte Lesezeit":"5\u00a0Minuten"},"schema":{"@context":"https:\/\/schema.org","@graph":[{"@type":"WebPage","@id":"https:\/\/www.opustents.com\/de\/kontakt\/","url":"https:\/\/www.opustents.com\/de\/kontakt\/","name":"Kontakt OPUS: The smart way to camp","isPartOf":{"@id":"https:\/\/www.opustents.com\/de\/#website"},"primaryImageOfPage":{"@id":"https:\/\/www.opustents.com\/de\/kontakt\/#primaryimage"},"image":{"@id":"https:\/\/www.opustents.com\/de\/kontakt\/#primaryimage"},"thumbnailUrl":"https:\/\/www.opustents.com\/wp-content\/uploads\/2024\/07\/OPT_46_exterior21.jpg","datePublished":"2024-07-02T16:29:59+00:00","dateModified":"2024-09-18T12:16:11+00:00","description":"Haben Sie eine Frage zu unseren preisgekr\u00f6nten selbstaufblasenden Zelten? Dann sind Sie bei uns genau richtig. Nehmen Sie hier Kontakt mit uns auf.","breadcrumb":{"@id":"https:\/\/www.opustents.com\/de\/kontakt\/#breadcrumb"},"inLanguage":"de","potentialAction":[{"@type":"ReadAction","target":["https:\/\/www.opustents.com\/de\/kontakt\/"]}]},{"@type":"ImageObject","inLanguage":"de","@id":"https:\/\/www.opustents.com\/de\/kontakt\/#primaryimage","url":"https:\/\/www.opustents.com\/wp-content\/uploads\/2024\/07\/OPT_46_exterior21.jpg","contentUrl":"https:\/\/www.opustents.com\/wp-content\/uploads\/2024\/07\/OPT_46_exterior21.jpg","width":2048,"height":1388},{"@type":"BreadcrumbList","@id":"https:\/\/www.opustents.com\/de\/kontakt\/#breadcrumb","itemListElement":[{"@type":"ListItem","position":1,"name":"Home","item":"https:\/\/www.opustents.com\/de\/startseite\/"},{"@type":"ListItem","position":2,"name":"Kontakt"}]},{"@type":"WebSite","@id":"https:\/\/www.opustents.com\/de\/#website","url":"https:\/\/www.opustents.com\/de\/","name":"OPUS smart tents","description":"With patented self-inflation technology","publisher":{"@id":"https:\/\/www.opustents.com\/de\/#organization"},"potentialAction":[{"@type":"SearchAction","target":{"@type":"EntryPoint","urlTemplate":"https:\/\/www.opustents.com\/de\/?s={search_term_string}"},"query-input":{"@type":"PropertyValueSpecification","valueRequired":true,"valueName":"search_term_string"}}],"inLanguage":"de"},{"@type":"Organization","@id":"https:\/\/www.opustents.com\/de\/#organization","name":"OPUS smart tents","url":"https:\/\/www.opustents.com\/de\/","logo":{"@type":"ImageObject","inLanguage":"de","@id":"https:\/\/www.opustents.com\/de\/#\/schema\/logo\/image\/","url":"https:\/\/www.opustents.com\/wp-content\/uploads\/2024\/01\/OPUS-smart-tents_OPUS_smart_tent.png","contentUrl":"https:\/\/www.opustents.com\/wp-content\/uploads\/2024\/01\/OPUS-smart-tents_OPUS_smart_tent.png","width":1300,"height":499,"caption":"OPUS smart tents"},"image":{"@id":"https:\/\/www.opustents.com\/de\/#\/schema\/logo\/image\/"}}]}},"_links":{"self":[{"href":"https:\/\/www.opustents.com\/de\/wp-json\/wp\/v2\/pages\/1242","targetHints":{"allow":["GET"]}}],"collection":[{"href":"https:\/\/www.opustents.com\/de\/wp-json\/wp\/v2\/pages"}],"about":[{"href":"https:\/\/www.opustents.com\/de\/wp-json\/wp\/v2\/types\/page"}],"author":[{"embeddable":true,"href":"https:\/\/www.opustents.com\/de\/wp-json\/wp\/v2\/users\/1"}],"replies":[{"embeddable":true,"href":"https:\/\/www.opustents.com\/de\/wp-json\/wp\/v2\/comments?post=1242"}],"version-history":[{"count":2,"href":"https:\/\/www.opustents.com\/de\/wp-json\/wp\/v2\/pages\/1242\/revisions"}],"predecessor-version":[{"id":1249,"href":"https:\/\/www.opustents.com\/de\/wp-json\/wp\/v2\/pages\/1242\/revisions\/1249"}],"wp:featuredmedia":[{"embeddable":true,"href":"https:\/\/www.opustents.com\/de\/wp-json\/wp\/v2\/media\/1044"}],"wp:attachment":[{"href":"https:\/\/www.opustents.com\/de\/wp-json\/wp\/v2\/media?parent=1242"}],"curies":[{"name":"wp","href":"https:\/\/api.w.org\/{rel}","templated":true}]}}